{"id":172,"date":"2021-02-21T21:57:01","date_gmt":"2021-02-22T02:57:01","guid":{"rendered":"http:\/\/keg-management.com\/sample-page\/"},"modified":"2025-12-08T21:57:13","modified_gmt":"2025-12-09T02:57:13","slug":"sample-page","status":"publish","type":"page","link":"https:\/\/keg-management.com\/fr\/","title":{"rendered":"Accueil"},"content":{"rendered":"<div class=\"wpb-content-wrapper\"><p>[vc_row css_animation=\u00a0\u00bbfadeIn\u00a0\u00bb el_id=\u00a0\u00bbhome\u00a0\u00bb css=\u00a0\u00bb.vc_custom_1765248128015{background-image: url(https:\/\/keg-management.com\/wp-content\/uploads\/barilsPlan-de-travail-1@3x-8-scaled.png?id=323) !important;}\u00a0\u00bb][vc_column][vc_column_text css_animation=\u00a0\u00bbright-to-left\u00a0\u00bb]<\/p>\n<h1>Leader<br \/>\ncanadien<br \/>\nen location<br \/>\nde barils<\/h1>\n<p>[\/vc_column_text][\/vc_column][\/vc_row][vc_row css_animation=\u00a0\u00bbnone\u00a0\u00bb el_id=\u00a0\u00bbwho\u00a0\u00bb el_class=\u00a0\u00bbmain-row custom-width\u00a0\u00bb][vc_column][vc_column_text]KEG MANAGEMENT pr\u00e9sente une fa\u00e7on diff\u00e9rente d&rsquo;obtenir des barils en offrant des options de location. Cette entreprise qu\u00e9b\u00e9coise offre \u00e0 ses clients la possibilit\u00e9 de cro\u00eetre efficacement sans d\u00e9penser de grosses sommes d&rsquo;argent lors de l&rsquo;achat de barils. Une nouvelle tendance simple et efficace de faire des affaires.[\/vc_column_text][\/vc_column][\/vc_row][vc_row css_animation=\u00a0\u00bbnone\u00a0\u00bb el_id=\u00a0\u00bbservices\u00a0\u00bb el_class=\u00a0\u00bbmain-row custom-width\u00a0\u00bb][vc_column][vc_row_inner][vc_column_inner el_class=\u00a0\u00bbkeg-track\u00a0\u00bb width=\u00a0\u00bb1\/4&Prime;][vc_column_text]<\/p>\n<h3>Keg Track<\/h3>\n<p>Ce programme permet aux microbrasseries de suivre ses barils avec notre application.[\/vc_column_text][vc_btn title=\u00a0\u00bbEn savoir plus\u00a0\u00bb link=\u00a0\u00bburl:%2Ffr%2Fkeg-track%2F\u00a0\u00bb][\/vc_column_inner][vc_column_inner el_class=\u00a0\u00bbleasing-buying\u00a0\u00bb width=\u00a0\u00bb1\/4&Prime;][vc_column_text]<\/p>\n<h3>Location-achat<\/h3>\n<p>Programme flexible entre 1 et 5 ans avec le plus bas prix au Canada.[\/vc_column_text][vc_btn title=\u00a0\u00bbEn savoir plus\u00a0\u00bb link=\u00a0\u00bburl:%2Ffr%2Flocation-achat%2F\u00a0\u00bb][\/vc_column_inner][vc_column_inner el_class=\u00a0\u00bbleasing\u00a0\u00bb width=\u00a0\u00bb1\/4&Prime;][vc_column_text]<\/p>\n<h3>Location<\/h3>\n<p>Programme qui minimise les co\u00fbts entourant les barils \u00e0 un prix \u00e0 partir de 0,05$ par jour.[\/vc_column_text][vc_btn title=\u00a0\u00bbEn savoir plus\u00a0\u00bb link=\u00a0\u00bburl:%2Ffr%2Flocation%2F\u00a0\u00bb][\/vc_column_inner][vc_column_inner el_class=\u00a0\u00bbsale\u00a0\u00bb width=\u00a0\u00bb1\/4&Prime;][vc_column_text]<\/p>\n<h3>Vente<\/h3>\n<p>Achetez des barils de premi\u00e8re qualit\u00e9 aupr\u00e8s de Keg Management.[\/vc_column_text][vc_btn title=\u00a0\u00bbEn savoir plus\u00a0\u00bb link=\u00a0\u00bburl:%2Ffr%2Fachat%2F\u00a0\u00bb][\/vc_column_inner][\/vc_row_inner][\/vc_column][\/vc_row][vc_row el_id=\u00a0\u00bbfaq\u00a0\u00bb el_class=\u00a0\u00bbmain-row custom-width\u00a0\u00bb][vc_column width=\u00a0\u00bb1\/2&Prime;][vc_single_image image=\u00a0\u00bb333&Prime; img_size=\u00a0\u00bbfull\u00a0\u00bb css=\u00a0\u00bb\u00a0\u00bb][\/vc_column][vc_column width=\u00a0\u00bb1\/2&Prime;][vc_column_text]<\/p>\n<div class=\"elementor-element elementor-element-ca4c2af elementor-widget elementor-widget-vt-segovia_section_title\" data-id=\"ca4c2af\" data-element_type=\"widget\" data-widget_type=\"vt-segovia_section_title.default\">\n<div class=\"elementor-widget-container\">\n<div class=\"section-title-wrap hav-sep hav-icon hav-animation\">\n<div class=\"sec-title\">\n<h2 class=\"section-title\">Foire<br \/>\naux questions<\/h2>\n<\/div>\n<\/div>\n<\/div>\n<\/div>\n<p>[\/vc_column_text][vc_tta_accordion][vc_tta_section title=\u00a0\u00bbO\u00f9 sont fabriqu\u00e9s vos barils?\u00a0\u00bb tab_id=\u00a0\u00bb1614114641053-b16add3b-7533&Prime;][vc_column_text]Keg Management s\u2019est donn\u00e9 comme mission d\u2019offrir des barils de qualit\u00e9s sup\u00e9rieurs au meilleur prix possible. Tous proviennent d&rsquo;Europe.[\/vc_column_text][\/vc_tta_section][vc_tta_section tab_id=\u00a0\u00bb1614114704391-975c935f-49b4&Prime; title=\u00a0\u00bbEst-ce que vos barils sont empilable?\u00a0\u00bb][vc_column_text]Oui, mais pour des raisons de s\u00e9curit\u00e9, nous ne recommandons pas d\u2019en empiler plus de 3 de haut.[\/vc_column_text][\/vc_tta_section][vc_tta_section title=\u00a0\u00bbAvec quel type de brasserie faites-vous affaire?\u00a0\u00bb tab_id=\u00a0\u00bb1614114727634-ffd3e06e-d155&Prime;][vc_column_text]Nous faisons affaire avec un \u00e9ventail de client, allant de la nano brasserie en d\u00e9marrage \u00e0 des brasseries de 10 000HL en op\u00e9ration depuis 20 ans.[\/vc_column_text][\/vc_tta_section][vc_tta_section title=\u00a0\u00bbPuis-je ajouter des barils \u00e0 mon contrat de location?\u00a0\u00bb tab_id=\u00a0\u00bb1614114703624-1b0bc2a2-7522&Prime;][vc_column_text]Il est possible d&rsquo;ajouter des barils \u00e0 n&rsquo;importe quel moment.[\/vc_column_text][\/vc_tta_section][vc_tta_section title=\u00a0\u00bbQue puis-je mettre dans les barils?\u00a0\u00bb tab_id=\u00a0\u00bb1614114702186-ded796b4-b48f\u00a0\u00bb][vc_column_text]Bi\u00e8re, cidre, vin, kombucha, caf\u00e9 froid, boisson douce. Pour le programme KegFlex, seulement la bi\u00e8re est autoris\u00e9. <strong>Aucune levure sauvage.<\/strong>[\/vc_column_text][\/vc_tta_section][vc_tta_section title=\u00a0\u00bbOffrez-vous le syst\u00e8me de tra\u00e7age de barils?\u00a0\u00bb tab_id=\u00a0\u00bb1614197248200-d31ecbbc-b124&Prime;][vc_column_text]Il est possible de suivre vos barils en utilisant notre programme Keg Track[\/vc_column_text][\/vc_tta_section][\/vc_tta_accordion][\/vc_column][\/vc_row][vc_row el_id=\u00a0\u00bbneed\u00a0\u00bb el_class=\u00a0\u00bbcustom-width\u00a0\u00bb css=\u00a0\u00bb.vc_custom_1614182504338{background-image: url(http:\/\/keg-management.com\/wp-content\/uploads\/Metal-Beer-Kegs.jpg?id=75) !important;}\u00a0\u00bb][vc_column][vc_column_text]<\/p>\n<h1>Besoin d&rsquo;un baril?<\/h1>\n<p>[\/vc_column_text][vc_column_text el_class=\u00a0\u00bbarrow\u00a0\u00bb]\u2193[\/vc_column_text][vc_raw_html]JTNDYSUyMGhyZWYlM0QlMjIlMkZmciUyRmNvbnRhY3QlMkYlMjIlM0VDb250YWN0ZXotbm91cyUzQyUyRmElM0U=[\/vc_raw_html][\/vc_column][\/vc_row][vc_row el_id=\u00a0\u00bbnewsletter\u00a0\u00bb el_class=\u00a0\u00bbmain-row\u00a0\u00bb][vc_column][vc_column_text]<\/p>\n<h2>Joignez l&rsquo;infolettre<\/h2>\n<p>[\/vc_column_text][vc_column_text]Abonnez-vous maintenant et recevez les derni\u00e8res nouvelles, mises \u00e0 jour et offres sp\u00e9ciales directement dans votre bo\u00eete de r\u00e9ception.[\/vc_column_text][vc_raw_html]JTNDJTIxLS0lMjBCZWdpbiUyME1haWxjaGltcCUyMFNpZ251cCUyMEZvcm0lMjAtLSUzRSUwQSUzQ2xpbmslMjBocmVmJTNEJTIyJTJGJTJGY2RuLWltYWdlcy5tYWlsY2hpbXAuY29tJTJGZW1iZWRjb2RlJTJGaG9yaXpvbnRhbC1zbGltLTEwXzcuY3NzJTIyJTIwcmVsJTNEJTIyc3R5bGVzaGVldCUyMiUyMHR5cGUlM0QlMjJ0ZXh0JTJGY3NzJTIyJTNFJTBBJTNDc3R5bGUlMjB0eXBlJTNEJTIydGV4dCUyRmNzcyUyMiUzRSUwQSUwOSUyM21jX2VtYmVkX3NpZ251cCU3QmJhY2tncm91bmQlM0ElMjNmZmYlM0IlMjBjbGVhciUzQWxlZnQlM0IlMjBmb250JTNBMTRweCUyMEhlbHZldGljYSUyQ0FyaWFsJTJDc2Fucy1zZXJpZiUzQiUyMHdpZHRoJTNBMTAwJTI1JTNCJTdEJTBBJTA5JTJGJTJBJTIwQWRkJTIweW91ciUyMG93biUyME1haWxjaGltcCUyMGZvcm0lMjBzdHlsZSUyMG92ZXJyaWRlcyUyMGluJTIweW91ciUyMHNpdGUlMjBzdHlsZXNoZWV0JTIwb3IlMjBpbiUyMHRoaXMlMjBzdHlsZSUyMGJsb2NrLiUwQSUwOSUyMCUyMCUyMFdlJTIwcmVjb21tZW5kJTIwbW92aW5nJTIwdGhpcyUyMGJsb2NrJTIwYW5kJTIwdGhlJTIwcHJlY2VkaW5nJTIwQ1NTJTIwbGluayUyMHRvJTIwdGhlJTIwSEVBRCUyMG9mJTIweW91ciUyMEhUTUwlMjBmaWxlLiUyMCUyQSUyRiUwQSUzQyUyRnN0eWxlJTNFJTBBJTNDZGl2JTIwaWQlM0QlMjJtY19lbWJlZF9zaWdudXAlMjIlM0UlMEElM0Nmb3JtJTIwYWN0aW9uJTNEJTIyaHR0cHMlM0ElMkYlMkZrZWctbWFuYWdlbWVudC51czEubGlzdC1tYW5hZ2UuY29tJTJGc3Vic2NyaWJlJTJGcG9zdCUzRnUlM0RkZjJhYWNkYjNjZGViYzFkYzg1MzA2OTQzJTI2YW1wJTNCaWQlM0RjNTVlYWZkYmQ5JTIyJTIwbWV0aG9kJTNEJTIycG9zdCUyMiUyMGlkJTNEJTIybWMtZW1iZWRkZWQtc3Vic2NyaWJlLWZvcm0lMjIlMjBuYW1lJTNEJTIybWMtZW1iZWRkZWQtc3Vic2NyaWJlLWZvcm0lMjIlMjBjbGFzcyUzRCUyMnZhbGlkYXRlJTIyJTIwdGFyZ2V0JTNEJTIyX2JsYW5rJTIyJTIwbm92YWxpZGF0ZSUzRSUwQSUyMCUyMCUyMCUyMCUzQ2RpdiUyMGlkJTNEJTIybWNfZW1iZWRfc2lnbnVwX3Njcm9sbCUyMiUzRSUwQSUwOSUwQSUwOSUzQ2lucHV0JTIwdHlwZSUzRCUyMmVtYWlsJTIyJTIwdmFsdWUlM0QlMjIlMjIlMjBuYW1lJTNEJTIyRU1BSUwlMjIlMjBjbGFzcyUzRCUyMmVtYWlsJTIyJTIwaWQlM0QlMjJtY2UtRU1BSUwlMjIlMjBwbGFjZWhvbGRlciUzRCUyMlZvdHJlJTIwY291cnJpZWwlMjIlMjByZXF1aXJlZCUzRSUwQSUyMCUyMCUyMCUyMCUzQyUyMS0tJTIwcmVhbCUyMHBlb3BsZSUyMHNob3VsZCUyMG5vdCUyMGZpbGwlMjB0aGlzJTIwaW4lMjBhbmQlMjBleHBlY3QlMjBnb29kJTIwdGhpbmdzJTIwLSUyMGRvJTIwbm90JTIwcmVtb3ZlJTIwdGhpcyUyMG9yJTIwcmlzayUyMGZvcm0lMjBib3QlMjBzaWdudXBzLS0lM0UlMEElMjAlMjAlMjAlMjAlM0NkaXYlMjBzdHlsZSUzRCUyMnBvc2l0aW9uJTNBJTIwYWJzb2x1dGUlM0IlMjBsZWZ0JTNBJTIwLTUwMDBweCUzQiUyMiUyMGFyaWEtaGlkZGVuJTNEJTIydHJ1ZSUyMiUzRSUzQ2lucHV0JTIwdHlwZSUzRCUyMnRleHQlMjIlMjBuYW1lJTNEJTIyYl9kZjJhYWNkYjNjZGViYzFkYzg1MzA2OTQzX2M1NWVhZmRiZDklMjIlMjB0YWJpbmRleCUzRCUyMi0xJTIyJTIwdmFsdWUlM0QlMjIlMjIlM0UlM0MlMkZkaXYlM0UlMEElMjAlMjAlMjAlMjAlM0NkaXYlMjBjbGFzcyUzRCUyMmNsZWFyJTIyJTNFJTNDaW5wdXQlMjB0eXBlJTNEJTIyc3VibWl0JTIyJTIwdmFsdWUlM0QlMjJHbyUyMiUyMG5hbWUlM0QlMjJzdWJzY3JpYmUlMjIlMjBpZCUzRCUyMm1jLWVtYmVkZGVkLXN1YnNjcmliZSUyMiUyMGNsYXNzJTNEJTIyYnV0dG9uJTIyJTNFJTNDJTJGZGl2JTNFJTBBJTIwJTIwJTIwJTIwJTNDJTJGZGl2JTNFJTBBJTNDJTJGZm9ybSUzRSUwQSUzQyUyRmRpdiUzRSUwQSUwQSUzQyUyMS0tRW5kJTIwbWNfZW1iZWRfc2lnbnVwLS0lM0U=[\/vc_raw_html][\/vc_column][\/vc_row]<\/p>\n<\/div>","protected":false},"excerpt":{"rendered":"<p>[vc_row css_animation=\u00a0\u00bbfadeIn\u00a0\u00bb el_id=\u00a0\u00bbhome\u00a0\u00bb css=\u00a0\u00bb.vc_custom_1765248128015{background-image: url(https:\/\/keg-management.com\/wp-content\/uploads\/barilsPlan-de-travail-1@3x-8-scaled.png?id=323) !important;}\u00a0\u00bb][vc_column][vc_column_text css_animation=\u00a0\u00bbright-to-left\u00a0\u00bb] Leader canadien en location de barils [\/vc_column_text][\/vc_column][\/vc_row][vc_row css_animation=\u00a0\u00bbnone\u00a0\u00bb el_id=\u00a0\u00bbwho\u00a0\u00bb el_class=\u00a0\u00bbmain-row custom-width\u00a0\u00bb][vc_column][vc_column_text]KEG MANAGEMENT pr\u00e9sente une fa\u00e7on diff\u00e9rente d&rsquo;obtenir des barils en offrant des options de location. Cette entreprise qu\u00e9b\u00e9coise offre \u00e0 ses clients la possibilit\u00e9 de cro\u00eetre efficacement sans d\u00e9penser de grosses sommes d&rsquo;argent lors de l&rsquo;achat de barils. &#8230; <a title=\"Accueil\" class=\"read-more\" href=\"https:\/\/keg-management.com\/fr\/\" aria-label=\"En savoir plus sur Accueil\">Lire la suite<\/a><\/p>\n","protected":false},"author":1,"featured_media":0,"parent":0,"menu_order":0,"comment_status":"closed","ping_status":"closed","template":"","meta":{"inline_featured_image":false,"footnotes":""},"class_list":["post-172","page","type-page","status-publish"],"yoast_head":"<!-- This site is optimized with the Yoast SEO plugin v27.4 - https:\/\/yoast.com\/product\/yoast-seo-wordpress\/ -->\n<title>Keg Management | Leader canadien en location de barils<\/title>\n<meta name=\"description\" content=\"Keg Management propose des barils plus attrayants pour les brasseries proposant des services de location partout au Canada. Simple et rentable pour vous!\" \/>\n<meta name=\"robots\" content=\"index, follow, max-snippet:-1, max-image-preview:large, max-video-preview:-1\" \/>\n<link rel=\"canonical\" href=\"https:\/\/keg-management.com\/fr\/\" \/>\n<meta property=\"og:locale\" content=\"fr_FR\" \/>\n<meta property=\"og:type\" content=\"article\" \/>\n<meta property=\"og:title\" content=\"Keg Management | Leader canadien en location de barils\" \/>\n<meta property=\"og:description\" content=\"Keg Management propose des barils plus attrayants pour les brasseries proposant des services de location partout au Canada. Simple et rentable pour vous!\" \/>\n<meta property=\"og:url\" content=\"https:\/\/keg-management.com\/fr\/\" \/>\n<meta property=\"og:site_name\" content=\"Keg Management\" \/>\n<meta property=\"article:modified_time\" content=\"2025-12-09T02:57:13+00:00\" \/>\n<meta property=\"og:image\" content=\"https:\/\/keg-management.com\/wp-content\/uploads\/google-img1.png\" \/>\n\t<meta property=\"og:image:width\" content=\"1920\" \/>\n\t<meta property=\"og:image:height\" content=\"1080\" \/>\n\t<meta property=\"og:image:type\" content=\"image\/png\" \/>\n<meta name=\"twitter:card\" content=\"summary_large_image\" \/>\n<meta name=\"twitter:label1\" content=\"Dur\u00e9e de lecture estim\u00e9e\" \/>\n\t<meta name=\"twitter:data1\" content=\"2 minutes\" \/>\n<script type=\"application\/ld+json\" class=\"yoast-schema-graph\">{\"@context\":\"https:\\\/\\\/schema.org\",\"@graph\":[{\"@type\":\"WebPage\",\"@id\":\"https:\\\/\\\/keg-management.com\\\/fr\\\/\",\"url\":\"https:\\\/\\\/keg-management.com\\\/fr\\\/\",\"name\":\"Keg Management | Leader canadien en location de barils\",\"isPartOf\":{\"@id\":\"https:\\\/\\\/keg-management.com\\\/#website\"},\"datePublished\":\"2021-02-22T02:57:01+00:00\",\"dateModified\":\"2025-12-09T02:57:13+00:00\",\"description\":\"Keg Management propose des barils plus attrayants pour les brasseries proposant des services de location partout au Canada. Simple et rentable pour vous!\",\"breadcrumb\":{\"@id\":\"https:\\\/\\\/keg-management.com\\\/fr\\\/#breadcrumb\"},\"inLanguage\":\"fr-FR\",\"potentialAction\":[{\"@type\":\"ReadAction\",\"target\":[\"https:\\\/\\\/keg-management.com\\\/fr\\\/\"]}]},{\"@type\":\"BreadcrumbList\",\"@id\":\"https:\\\/\\\/keg-management.com\\\/fr\\\/#breadcrumb\",\"itemListElement\":[{\"@type\":\"ListItem\",\"position\":1,\"name\":\"Home\",\"item\":\"https:\\\/\\\/keg-management.com\\\/fr\\\/\"},{\"@type\":\"ListItem\",\"position\":2,\"name\":\"Accueil\"}]},{\"@type\":\"WebSite\",\"@id\":\"https:\\\/\\\/keg-management.com\\\/#website\",\"url\":\"https:\\\/\\\/keg-management.com\\\/\",\"name\":\"Keg Management\",\"description\":\"Canada&#039;s Original Keg Company\",\"publisher\":{\"@id\":\"https:\\\/\\\/keg-management.com\\\/#organization\"},\"potentialAction\":[{\"@type\":\"SearchAction\",\"target\":{\"@type\":\"EntryPoint\",\"urlTemplate\":\"https:\\\/\\\/keg-management.com\\\/?s={search_term_string}\"},\"query-input\":{\"@type\":\"PropertyValueSpecification\",\"valueRequired\":true,\"valueName\":\"search_term_string\"}}],\"inLanguage\":\"fr-FR\"},{\"@type\":\"Organization\",\"@id\":\"https:\\\/\\\/keg-management.com\\\/#organization\",\"name\":\"Keg Management\",\"url\":\"https:\\\/\\\/keg-management.com\\\/\",\"logo\":{\"@type\":\"ImageObject\",\"inLanguage\":\"fr-FR\",\"@id\":\"https:\\\/\\\/keg-management.com\\\/#\\\/schema\\\/logo\\\/image\\\/\",\"url\":\"https:\\\/\\\/keg-management.com\\\/wp-content\\\/uploads\\\/logo_keg_blanc.svg\",\"contentUrl\":\"https:\\\/\\\/keg-management.com\\\/wp-content\\\/uploads\\\/logo_keg_blanc.svg\",\"caption\":\"Keg Management\"},\"image\":{\"@id\":\"https:\\\/\\\/keg-management.com\\\/#\\\/schema\\\/logo\\\/image\\\/\"}}]}<\/script>\n<!-- \/ Yoast SEO plugin. -->","yoast_head_json":{"title":"Keg Management | Leader canadien en location de barils","description":"Keg Management propose des barils plus attrayants pour les brasseries proposant des services de location partout au Canada. Simple et rentable pour vous!","robots":{"index":"index","follow":"follow","max-snippet":"max-snippet:-1","max-image-preview":"max-image-preview:large","max-video-preview":"max-video-preview:-1"},"canonical":"https:\/\/keg-management.com\/fr\/","og_locale":"fr_FR","og_type":"article","og_title":"Keg Management | Leader canadien en location de barils","og_description":"Keg Management propose des barils plus attrayants pour les brasseries proposant des services de location partout au Canada. Simple et rentable pour vous!","og_url":"https:\/\/keg-management.com\/fr\/","og_site_name":"Keg Management","article_modified_time":"2025-12-09T02:57:13+00:00","og_image":[{"width":1920,"height":1080,"url":"https:\/\/keg-management.com\/wp-content\/uploads\/google-img1.png","type":"image\/png"}],"twitter_card":"summary_large_image","twitter_misc":{"Dur\u00e9e de lecture estim\u00e9e":"2 minutes"},"schema":{"@context":"https:\/\/schema.org","@graph":[{"@type":"WebPage","@id":"https:\/\/keg-management.com\/fr\/","url":"https:\/\/keg-management.com\/fr\/","name":"Keg Management | Leader canadien en location de barils","isPartOf":{"@id":"https:\/\/keg-management.com\/#website"},"datePublished":"2021-02-22T02:57:01+00:00","dateModified":"2025-12-09T02:57:13+00:00","description":"Keg Management propose des barils plus attrayants pour les brasseries proposant des services de location partout au Canada. Simple et rentable pour vous!","breadcrumb":{"@id":"https:\/\/keg-management.com\/fr\/#breadcrumb"},"inLanguage":"fr-FR","potentialAction":[{"@type":"ReadAction","target":["https:\/\/keg-management.com\/fr\/"]}]},{"@type":"BreadcrumbList","@id":"https:\/\/keg-management.com\/fr\/#breadcrumb","itemListElement":[{"@type":"ListItem","position":1,"name":"Home","item":"https:\/\/keg-management.com\/fr\/"},{"@type":"ListItem","position":2,"name":"Accueil"}]},{"@type":"WebSite","@id":"https:\/\/keg-management.com\/#website","url":"https:\/\/keg-management.com\/","name":"Keg Management","description":"Canada&#039;s Original Keg Company","publisher":{"@id":"https:\/\/keg-management.com\/#organization"},"potentialAction":[{"@type":"SearchAction","target":{"@type":"EntryPoint","urlTemplate":"https:\/\/keg-management.com\/?s={search_term_string}"},"query-input":{"@type":"PropertyValueSpecification","valueRequired":true,"valueName":"search_term_string"}}],"inLanguage":"fr-FR"},{"@type":"Organization","@id":"https:\/\/keg-management.com\/#organization","name":"Keg Management","url":"https:\/\/keg-management.com\/","logo":{"@type":"ImageObject","inLanguage":"fr-FR","@id":"https:\/\/keg-management.com\/#\/schema\/logo\/image\/","url":"https:\/\/keg-management.com\/wp-content\/uploads\/logo_keg_blanc.svg","contentUrl":"https:\/\/keg-management.com\/wp-content\/uploads\/logo_keg_blanc.svg","caption":"Keg Management"},"image":{"@id":"https:\/\/keg-management.com\/#\/schema\/logo\/image\/"}}]}},"_links":{"self":[{"href":"https:\/\/keg-management.com\/fr\/wp-json\/wp\/v2\/pages\/172","targetHints":{"allow":["GET"]}}],"collection":[{"href":"https:\/\/keg-management.com\/fr\/wp-json\/wp\/v2\/pages"}],"about":[{"href":"https:\/\/keg-management.com\/fr\/wp-json\/wp\/v2\/types\/page"}],"author":[{"embeddable":true,"href":"https:\/\/keg-management.com\/fr\/wp-json\/wp\/v2\/users\/1"}],"replies":[{"embeddable":true,"href":"https:\/\/keg-management.com\/fr\/wp-json\/wp\/v2\/comments?post=172"}],"version-history":[{"count":11,"href":"https:\/\/keg-management.com\/fr\/wp-json\/wp\/v2\/pages\/172\/revisions"}],"predecessor-version":[{"id":336,"href":"https:\/\/keg-management.com\/fr\/wp-json\/wp\/v2\/pages\/172\/revisions\/336"}],"wp:attachment":[{"href":"https:\/\/keg-management.com\/fr\/wp-json\/wp\/v2\/media?parent=172"}],"curies":[{"name":"wp","href":"https:\/\/api.w.org\/{rel}","templated":true}]}}