{"id":183,"date":"2021-02-23T14:16:06","date_gmt":"2021-02-23T19:16:06","guid":{"rendered":"http:\/\/keg-management.com\/keg-track\/"},"modified":"2023-03-01T16:58:16","modified_gmt":"2023-03-01T21:58:16","slug":"keg-tracking-par-kegshoe","status":"publish","type":"page","link":"https:\/\/keg-management.com\/fr\/keg-tracking-par-kegshoe\/","title":{"rendered":"Keg Tracking"},"content":{"rendered":"<div class=\"wpb-content-wrapper\"><p>[vc_row css_animation=\u00a0\u00bbbottom-to-top\u00a0\u00bb el_class=\u00a0\u00bbmain-row custom-width single\u00a0\u00bb el_id=\u00a0\u00bbsingle\u00a0\u00bb][vc_column][vc_column_text el_class=\u00a0\u00bbdefinition by\u00a0\u00bb]<\/p>\n<h3>Par<\/h3>\n<p>[\/vc_column_text][vc_single_image image=\u00a0\u00bb269&Prime; img_size=\u00a0\u00bbfull\u00a0\u00bb alignment=\u00a0\u00bbcenter\u00a0\u00bb onclick=\u00a0\u00bbcustom_link\u00a0\u00bb img_link_target=\u00a0\u00bb_blank\u00a0\u00bb css_animation=\u00a0\u00bbnone\u00a0\u00bb el_class=\u00a0\u00bbkegshoe\u00a0\u00bb link=\u00a0\u00bbhttps:\/\/kegshoe.ca\/\u00a0\u00bb][vc_single_image image=\u00a0\u00bb21&Prime; img_size=\u00a0\u00bbfull\u00a0\u00bb alignment=\u00a0\u00bbcenter\u00a0\u00bb css_animation=\u00a0\u00bbnone\u00a0\u00bb][vc_column_text el_class=\u00a0\u00bbdefinition\u00a0\u00bb]R\u00e9duisez les pertes de f\u00fbts et am\u00e9liorez vos op\u00e9rations gr\u00e2ce au logiciel Kegshoe Keg Tracking. Applications de num\u00e9risation mobiles et \u00e9tiquettes de haute qualit\u00e9 incluses. Les clients de Keg Management b\u00e9n\u00e9ficient d&rsquo;une r\u00e9duction de 10 % sur les nouveaux abonnements Kegshoe. Thermes et conditions d&rsquo;application.[\/vc_column_text][vc_btn title=\u00a0\u00bbAbonnez-vous maintenant\u00a0\u00bb link=\u00a0\u00bburl:https%3A%2F%2Fkegshoe.ca%2Fkeg-tracking%3Futm_source%3Dreferral%26utm_medium%3Dweb%26utm_campaign%3Dkeg-management|target:_blank\u00a0\u00bb][\/vc_column][\/vc_row][vc_row el_id=\u00a0\u00bbothers\u00a0\u00bb css=\u00a0\u00bb.vc_custom_1614202190610{background-image: url(http:\/\/keg-management.com\/wp-content\/uploads\/Metal-Beer-Kegs.jpg?id=75) !important;}\u00a0\u00bb el_class=\u00a0\u00bbcustom-width\u00a0\u00bb][vc_column][vc_wp_custommenu nav_menu=\u00a0\u00bb2&Prime;][\/vc_column][\/vc_row]<\/p>\n<\/div>","protected":false},"excerpt":{"rendered":"<p>[vc_row css_animation=\u00a0\u00bbbottom-to-top\u00a0\u00bb el_class=\u00a0\u00bbmain-row custom-width single\u00a0\u00bb el_id=\u00a0\u00bbsingle\u00a0\u00bb][vc_column][vc_column_text el_class=\u00a0\u00bbdefinition by\u00a0\u00bb] Par [\/vc_column_text][vc_single_image image=\u00a0\u00bb269&Prime; img_size=\u00a0\u00bbfull\u00a0\u00bb alignment=\u00a0\u00bbcenter\u00a0\u00bb onclick=\u00a0\u00bbcustom_link\u00a0\u00bb img_link_target=\u00a0\u00bb_blank\u00a0\u00bb css_animation=\u00a0\u00bbnone\u00a0\u00bb el_class=\u00a0\u00bbkegshoe\u00a0\u00bb link=\u00a0\u00bbhttps:\/\/kegshoe.ca\/\u00a0\u00bb][vc_single_image image=\u00a0\u00bb21&Prime; img_size=\u00a0\u00bbfull\u00a0\u00bb alignment=\u00a0\u00bbcenter\u00a0\u00bb css_animation=\u00a0\u00bbnone\u00a0\u00bb][vc_column_text el_class=\u00a0\u00bbdefinition\u00a0\u00bb]R\u00e9duisez les pertes de f\u00fbts et am\u00e9liorez vos op\u00e9rations gr\u00e2ce au logiciel Kegshoe Keg Tracking. Applications de num\u00e9risation mobiles et \u00e9tiquettes de haute qualit\u00e9 incluses. Les clients de Keg Management b\u00e9n\u00e9ficient d&rsquo;une r\u00e9duction &#8230; <a title=\"Keg Tracking\" class=\"read-more\" href=\"https:\/\/keg-management.com\/fr\/keg-tracking-par-kegshoe\/\" aria-label=\"En savoir plus sur Keg Tracking\">Lire la suite<\/a><\/p>\n","protected":false},"author":1,"featured_media":0,"parent":0,"menu_order":2,"comment_status":"closed","ping_status":"closed","template":"","meta":{"inline_featured_image":false,"footnotes":""},"class_list":["post-183","page","type-page","status-publish"],"yoast_head":"<!-- This site is optimized with the Yoast SEO plugin v27.4 - https:\/\/yoast.com\/product\/yoast-seo-wordpress\/ -->\n<title>Keg Tracking | Keg Management<\/title>\n<meta name=\"robots\" content=\"index, follow, max-snippet:-1, max-image-preview:large, max-video-preview:-1\" \/>\n<link rel=\"canonical\" href=\"https:\/\/keg-management.com\/fr\/keg-tracking-par-kegshoe\/\" \/>\n<meta property=\"og:locale\" content=\"fr_FR\" \/>\n<meta property=\"og:type\" content=\"article\" \/>\n<meta property=\"og:title\" content=\"Keg Tracking | Keg Management\" \/>\n<meta property=\"og:description\" content=\"[vc_row css_animation=\u00a0\u00bbbottom-to-top\u00a0\u00bb el_class=\u00a0\u00bbmain-row custom-width single\u00a0\u00bb el_id=\u00a0\u00bbsingle\u00a0\u00bb][vc_column][vc_column_text el_class=\u00a0\u00bbdefinition by\u00a0\u00bb] Par [\/vc_column_text][vc_single_image image=\u00a0\u00bb269&Prime; img_size=\u00a0\u00bbfull\u00a0\u00bb alignment=\u00a0\u00bbcenter\u00a0\u00bb onclick=\u00a0\u00bbcustom_link\u00a0\u00bb img_link_target=\u00a0\u00bb_blank\u00a0\u00bb css_animation=\u00a0\u00bbnone\u00a0\u00bb el_class=\u00a0\u00bbkegshoe\u00a0\u00bb link=\u00a0\u00bbhttps:\/\/kegshoe.ca\/\u00a0\u00bb][vc_single_image image=\u00a0\u00bb21&Prime; img_size=\u00a0\u00bbfull\u00a0\u00bb alignment=\u00a0\u00bbcenter\u00a0\u00bb css_animation=\u00a0\u00bbnone\u00a0\u00bb][vc_column_text el_class=\u00a0\u00bbdefinition\u00a0\u00bb]R\u00e9duisez les pertes de f\u00fbts et am\u00e9liorez vos op\u00e9rations gr\u00e2ce au logiciel Kegshoe Keg Tracking. Applications de num\u00e9risation mobiles et \u00e9tiquettes de haute qualit\u00e9 incluses. Les clients de Keg Management b\u00e9n\u00e9ficient d&rsquo;une r\u00e9duction ... Lire la suite\" \/>\n<meta property=\"og:url\" content=\"https:\/\/keg-management.com\/fr\/keg-tracking-par-kegshoe\/\" \/>\n<meta property=\"og:site_name\" content=\"Keg Management\" \/>\n<meta property=\"article:modified_time\" content=\"2023-03-01T21:58:16+00:00\" \/>\n<meta property=\"og:image\" content=\"https:\/\/keg-management.com\/wp-content\/uploads\/google-img1.png\" \/>\n\t<meta property=\"og:image:width\" content=\"1920\" \/>\n\t<meta property=\"og:image:height\" content=\"1080\" \/>\n\t<meta property=\"og:image:type\" content=\"image\/png\" \/>\n<meta name=\"twitter:card\" content=\"summary_large_image\" \/>\n<meta name=\"twitter:label1\" content=\"Dur\u00e9e de lecture estim\u00e9e\" \/>\n\t<meta name=\"twitter:data1\" content=\"1 minute\" \/>\n<script type=\"application\/ld+json\" class=\"yoast-schema-graph\">{\"@context\":\"https:\\\/\\\/schema.org\",\"@graph\":[{\"@type\":\"WebPage\",\"@id\":\"https:\\\/\\\/keg-management.com\\\/fr\\\/keg-tracking-par-kegshoe\\\/\",\"url\":\"https:\\\/\\\/keg-management.com\\\/fr\\\/keg-tracking-par-kegshoe\\\/\",\"name\":\"Keg Tracking | Keg Management\",\"isPartOf\":{\"@id\":\"https:\\\/\\\/keg-management.com\\\/#website\"},\"datePublished\":\"2021-02-23T19:16:06+00:00\",\"dateModified\":\"2023-03-01T21:58:16+00:00\",\"breadcrumb\":{\"@id\":\"https:\\\/\\\/keg-management.com\\\/fr\\\/keg-tracking-par-kegshoe\\\/#breadcrumb\"},\"inLanguage\":\"fr-FR\",\"potentialAction\":[{\"@type\":\"ReadAction\",\"target\":[\"https:\\\/\\\/keg-management.com\\\/fr\\\/keg-tracking-par-kegshoe\\\/\"]}]},{\"@type\":\"BreadcrumbList\",\"@id\":\"https:\\\/\\\/keg-management.com\\\/fr\\\/keg-tracking-par-kegshoe\\\/#breadcrumb\",\"itemListElement\":[{\"@type\":\"ListItem\",\"position\":1,\"name\":\"Home\",\"item\":\"https:\\\/\\\/keg-management.com\\\/fr\\\/\"},{\"@type\":\"ListItem\",\"position\":2,\"name\":\"Keg Tracking\"}]},{\"@type\":\"WebSite\",\"@id\":\"https:\\\/\\\/keg-management.com\\\/#website\",\"url\":\"https:\\\/\\\/keg-management.com\\\/\",\"name\":\"Keg Management\",\"description\":\"Canada&#039;s Original Keg Company\",\"publisher\":{\"@id\":\"https:\\\/\\\/keg-management.com\\\/#organization\"},\"potentialAction\":[{\"@type\":\"SearchAction\",\"target\":{\"@type\":\"EntryPoint\",\"urlTemplate\":\"https:\\\/\\\/keg-management.com\\\/?s={search_term_string}\"},\"query-input\":{\"@type\":\"PropertyValueSpecification\",\"valueRequired\":true,\"valueName\":\"search_term_string\"}}],\"inLanguage\":\"fr-FR\"},{\"@type\":\"Organization\",\"@id\":\"https:\\\/\\\/keg-management.com\\\/#organization\",\"name\":\"Keg Management\",\"url\":\"https:\\\/\\\/keg-management.com\\\/\",\"logo\":{\"@type\":\"ImageObject\",\"inLanguage\":\"fr-FR\",\"@id\":\"https:\\\/\\\/keg-management.com\\\/#\\\/schema\\\/logo\\\/image\\\/\",\"url\":\"https:\\\/\\\/keg-management.com\\\/wp-content\\\/uploads\\\/logo_keg_blanc.svg\",\"contentUrl\":\"https:\\\/\\\/keg-management.com\\\/wp-content\\\/uploads\\\/logo_keg_blanc.svg\",\"caption\":\"Keg Management\"},\"image\":{\"@id\":\"https:\\\/\\\/keg-management.com\\\/#\\\/schema\\\/logo\\\/image\\\/\"}}]}<\/script>\n<!-- \/ Yoast SEO plugin. -->","yoast_head_json":{"title":"Keg Tracking | Keg Management","robots":{"index":"index","follow":"follow","max-snippet":"max-snippet:-1","max-image-preview":"max-image-preview:large","max-video-preview":"max-video-preview:-1"},"canonical":"https:\/\/keg-management.com\/fr\/keg-tracking-par-kegshoe\/","og_locale":"fr_FR","og_type":"article","og_title":"Keg Tracking | Keg Management","og_description":"[vc_row css_animation=\u00a0\u00bbbottom-to-top\u00a0\u00bb el_class=\u00a0\u00bbmain-row custom-width single\u00a0\u00bb el_id=\u00a0\u00bbsingle\u00a0\u00bb][vc_column][vc_column_text el_class=\u00a0\u00bbdefinition by\u00a0\u00bb] Par [\/vc_column_text][vc_single_image image=\u00a0\u00bb269&Prime; img_size=\u00a0\u00bbfull\u00a0\u00bb alignment=\u00a0\u00bbcenter\u00a0\u00bb onclick=\u00a0\u00bbcustom_link\u00a0\u00bb img_link_target=\u00a0\u00bb_blank\u00a0\u00bb css_animation=\u00a0\u00bbnone\u00a0\u00bb el_class=\u00a0\u00bbkegshoe\u00a0\u00bb link=\u00a0\u00bbhttps:\/\/kegshoe.ca\/\u00a0\u00bb][vc_single_image image=\u00a0\u00bb21&Prime; img_size=\u00a0\u00bbfull\u00a0\u00bb alignment=\u00a0\u00bbcenter\u00a0\u00bb css_animation=\u00a0\u00bbnone\u00a0\u00bb][vc_column_text el_class=\u00a0\u00bbdefinition\u00a0\u00bb]R\u00e9duisez les pertes de f\u00fbts et am\u00e9liorez vos op\u00e9rations gr\u00e2ce au logiciel Kegshoe Keg Tracking. Applications de num\u00e9risation mobiles et \u00e9tiquettes de haute qualit\u00e9 incluses. Les clients de Keg Management b\u00e9n\u00e9ficient d&rsquo;une r\u00e9duction ... Lire la suite","og_url":"https:\/\/keg-management.com\/fr\/keg-tracking-par-kegshoe\/","og_site_name":"Keg Management","article_modified_time":"2023-03-01T21:58:16+00:00","og_image":[{"width":1920,"height":1080,"url":"https:\/\/keg-management.com\/wp-content\/uploads\/google-img1.png","type":"image\/png"}],"twitter_card":"summary_large_image","twitter_misc":{"Dur\u00e9e de lecture estim\u00e9e":"1 minute"},"schema":{"@context":"https:\/\/schema.org","@graph":[{"@type":"WebPage","@id":"https:\/\/keg-management.com\/fr\/keg-tracking-par-kegshoe\/","url":"https:\/\/keg-management.com\/fr\/keg-tracking-par-kegshoe\/","name":"Keg Tracking | Keg Management","isPartOf":{"@id":"https:\/\/keg-management.com\/#website"},"datePublished":"2021-02-23T19:16:06+00:00","dateModified":"2023-03-01T21:58:16+00:00","breadcrumb":{"@id":"https:\/\/keg-management.com\/fr\/keg-tracking-par-kegshoe\/#breadcrumb"},"inLanguage":"fr-FR","potentialAction":[{"@type":"ReadAction","target":["https:\/\/keg-management.com\/fr\/keg-tracking-par-kegshoe\/"]}]},{"@type":"BreadcrumbList","@id":"https:\/\/keg-management.com\/fr\/keg-tracking-par-kegshoe\/#breadcrumb","itemListElement":[{"@type":"ListItem","position":1,"name":"Home","item":"https:\/\/keg-management.com\/fr\/"},{"@type":"ListItem","position":2,"name":"Keg Tracking"}]},{"@type":"WebSite","@id":"https:\/\/keg-management.com\/#website","url":"https:\/\/keg-management.com\/","name":"Keg Management","description":"Canada&#039;s Original Keg Company","publisher":{"@id":"https:\/\/keg-management.com\/#organization"},"potentialAction":[{"@type":"SearchAction","target":{"@type":"EntryPoint","urlTemplate":"https:\/\/keg-management.com\/?s={search_term_string}"},"query-input":{"@type":"PropertyValueSpecification","valueRequired":true,"valueName":"search_term_string"}}],"inLanguage":"fr-FR"},{"@type":"Organization","@id":"https:\/\/keg-management.com\/#organization","name":"Keg Management","url":"https:\/\/keg-management.com\/","logo":{"@type":"ImageObject","inLanguage":"fr-FR","@id":"https:\/\/keg-management.com\/#\/schema\/logo\/image\/","url":"https:\/\/keg-management.com\/wp-content\/uploads\/logo_keg_blanc.svg","contentUrl":"https:\/\/keg-management.com\/wp-content\/uploads\/logo_keg_blanc.svg","caption":"Keg Management"},"image":{"@id":"https:\/\/keg-management.com\/#\/schema\/logo\/image\/"}}]}},"_links":{"self":[{"href":"https:\/\/keg-management.com\/fr\/wp-json\/wp\/v2\/pages\/183","targetHints":{"allow":["GET"]}}],"collection":[{"href":"https:\/\/keg-management.com\/fr\/wp-json\/wp\/v2\/pages"}],"about":[{"href":"https:\/\/keg-management.com\/fr\/wp-json\/wp\/v2\/types\/page"}],"author":[{"embeddable":true,"href":"https:\/\/keg-management.com\/fr\/wp-json\/wp\/v2\/users\/1"}],"replies":[{"embeddable":true,"href":"https:\/\/keg-management.com\/fr\/wp-json\/wp\/v2\/comments?post=183"}],"version-history":[{"count":5,"href":"https:\/\/keg-management.com\/fr\/wp-json\/wp\/v2\/pages\/183\/revisions"}],"predecessor-version":[{"id":280,"href":"https:\/\/keg-management.com\/fr\/wp-json\/wp\/v2\/pages\/183\/revisions\/280"}],"wp:attachment":[{"href":"https:\/\/keg-management.com\/fr\/wp-json\/wp\/v2\/media?parent=183"}],"curies":[{"name":"wp","href":"https:\/\/api.w.org\/{rel}","templated":true}]}}