{"id":185,"date":"2021-02-23T14:16:47","date_gmt":"2021-02-23T19:16:47","guid":{"rendered":"http:\/\/keg-management.com\/rental\/"},"modified":"2021-02-25T11:44:14","modified_gmt":"2021-02-25T16:44:14","slug":"location","status":"publish","type":"page","link":"https:\/\/keg-management.com\/fr\/location\/","title":{"rendered":"Location"},"content":{"rendered":"<div class=\"wpb-content-wrapper\"><p>[vc_row css_animation=\u00a0\u00bbbottom-to-top\u00a0\u00bb el_class=\u00a0\u00bbmain-row custom-width single\u00a0\u00bb el_id=\u00a0\u00bbsingle\u00a0\u00bb][vc_column][vc_single_image image=\u00a0\u00bb24&Prime; img_size=\u00a0\u00bbfull\u00a0\u00bb alignment=\u00a0\u00bbcenter\u00a0\u00bb css_animation=\u00a0\u00bbnone\u00a0\u00bb][vc_column_text el_class=\u00a0\u00bbdefinition\u00a0\u00bb]Programme qui minimise les co\u00fbts entourant les barils au minimum, un prix \u00e0 partir de 0,05$ par jour. Permet de garder leur capacit\u00e9 \u00e0 investir l\u00e0 ou sa compte vraiment : dans la bi\u00e8re![\/vc_column_text][vc_btn title=\u00a0\u00bbContactez-nous\u00a0\u00bb link=\u00a0\u00bburl:http%3A%2F%2Fkeg-management.com%2Ffr%2Fcontact%2F\u00a0\u00bb][vc_row_inner el_class=\u00a0\u00bbadvantages\u00a0\u00bb][vc_column_inner][vc_column_text el_class=\u00a0\u00bbtitle\u00a0\u00bb]<strong>Avantages<\/strong>[\/vc_column_text][vc_column_text]Si\u00e8ge social au Qu\u00e9bec<br \/>\n0$ de d\u00e9p\u00f4t<br \/>\nLivraison possible entre 24het 48h<br \/>\nBarils de qualit\u00e9 international<br \/>\nBarils empilable<br \/>\nBarils personnalis\u00e9s \u00e0 vos couleurs gratuitement<br \/>\n100% d\u00e9ductible \u00e0 la fin de l\u2019ann\u00e9e<br \/>\nAucune quantit\u00e9 minimum<br \/>\nLe contrat de location n\u2019appara\u00eet pas sur votre bilan. Conservez-votre capacit\u00e9 d\u2019emprunt[\/vc_column_text][\/vc_column_inner][\/vc_row_inner][\/vc_column][\/vc_row][vc_row el_id=\u00a0\u00bbothers\u00a0\u00bb css=\u00a0\u00bb.vc_custom_1614202190610{background-image: url(http:\/\/keg-management.com\/wp-content\/uploads\/Metal-Beer-Kegs.jpg?id=75) !important;}\u00a0\u00bb el_class=\u00a0\u00bbcustom-width\u00a0\u00bb][vc_column][vc_wp_custommenu nav_menu=\u00a0\u00bb2&Prime;][\/vc_column][\/vc_row]<\/p>\n<\/div>","protected":false},"excerpt":{"rendered":"<p>[vc_row css_animation=\u00a0\u00bbbottom-to-top\u00a0\u00bb el_class=\u00a0\u00bbmain-row custom-width single\u00a0\u00bb el_id=\u00a0\u00bbsingle\u00a0\u00bb][vc_column][vc_single_image image=\u00a0\u00bb24&Prime; img_size=\u00a0\u00bbfull\u00a0\u00bb alignment=\u00a0\u00bbcenter\u00a0\u00bb css_animation=\u00a0\u00bbnone\u00a0\u00bb][vc_column_text el_class=\u00a0\u00bbdefinition\u00a0\u00bb]Programme qui minimise les co\u00fbts entourant les barils au minimum, un prix \u00e0 partir de 0,05$ par jour. Permet de garder leur capacit\u00e9 \u00e0 investir l\u00e0 ou sa compte vraiment : dans la bi\u00e8re![\/vc_column_text][vc_btn title=\u00a0\u00bbContactez-nous\u00a0\u00bb link=\u00a0\u00bburl:http%3A%2F%2Fkeg-management.com%2Ffr%2Fcontact%2F\u00a0\u00bb][vc_row_inner el_class=\u00a0\u00bbadvantages\u00a0\u00bb][vc_column_inner][vc_column_text el_class=\u00a0\u00bbtitle\u00a0\u00bb]Avantages[\/vc_column_text][vc_column_text]Si\u00e8ge social au Qu\u00e9bec 0$ de d\u00e9p\u00f4t Livraison &#8230; <a title=\"Location\" class=\"read-more\" href=\"https:\/\/keg-management.com\/fr\/location\/\" aria-label=\"En savoir plus sur Location\">Lire la suite<\/a><\/p>\n","protected":false},"author":1,"featured_media":0,"parent":0,"menu_order":4,"comment_status":"closed","ping_status":"closed","template":"","meta":{"inline_featured_image":false,"footnotes":""},"class_list":["post-185","page","type-page","status-publish"],"yoast_head":"<!-- This site is optimized with the Yoast SEO plugin v27.3 - https:\/\/yoast.com\/product\/yoast-seo-wordpress\/ -->\n<title>Location | Keg Management<\/title>\n<meta name=\"robots\" content=\"index, follow, max-snippet:-1, max-image-preview:large, max-video-preview:-1\" \/>\n<link rel=\"canonical\" href=\"https:\/\/keg-management.com\/fr\/location\/\" \/>\n<meta property=\"og:locale\" content=\"fr_FR\" \/>\n<meta property=\"og:type\" content=\"article\" \/>\n<meta property=\"og:title\" content=\"Location | Keg Management\" \/>\n<meta property=\"og:description\" content=\"[vc_row css_animation=\u00a0\u00bbbottom-to-top\u00a0\u00bb el_class=\u00a0\u00bbmain-row custom-width single\u00a0\u00bb el_id=\u00a0\u00bbsingle\u00a0\u00bb][vc_column][vc_single_image image=\u00a0\u00bb24&Prime; img_size=\u00a0\u00bbfull\u00a0\u00bb alignment=\u00a0\u00bbcenter\u00a0\u00bb css_animation=\u00a0\u00bbnone\u00a0\u00bb][vc_column_text el_class=\u00a0\u00bbdefinition\u00a0\u00bb]Programme qui minimise les co\u00fbts entourant les barils au minimum, un prix \u00e0 partir de 0,05$ par jour. Permet de garder leur capacit\u00e9 \u00e0 investir l\u00e0 ou sa compte vraiment : dans la bi\u00e8re![\/vc_column_text][vc_btn title=\u00a0\u00bbContactez-nous\u00a0\u00bb link=\u00a0\u00bburl:http%3A%2F%2Fkeg-management.com%2Ffr%2Fcontact%2F\u00a0\u00bb][vc_row_inner el_class=\u00a0\u00bbadvantages\u00a0\u00bb][vc_column_inner][vc_column_text el_class=\u00a0\u00bbtitle\u00a0\u00bb]Avantages[\/vc_column_text][vc_column_text]Si\u00e8ge social au Qu\u00e9bec 0$ de d\u00e9p\u00f4t Livraison ... Lire la suite\" \/>\n<meta property=\"og:url\" content=\"https:\/\/keg-management.com\/fr\/location\/\" \/>\n<meta property=\"og:site_name\" content=\"Keg Management\" \/>\n<meta property=\"article:modified_time\" content=\"2021-02-25T16:44:14+00:00\" \/>\n<meta property=\"og:image\" content=\"https:\/\/keg-management.com\/wp-content\/uploads\/google-img1.png\" \/>\n\t<meta property=\"og:image:width\" content=\"1920\" \/>\n\t<meta property=\"og:image:height\" content=\"1080\" \/>\n\t<meta property=\"og:image:type\" content=\"image\/png\" \/>\n<meta name=\"twitter:card\" content=\"summary_large_image\" \/>\n<meta name=\"twitter:label1\" content=\"Dur\u00e9e de lecture estim\u00e9e\" \/>\n\t<meta name=\"twitter:data1\" content=\"1 minute\" \/>\n<script type=\"application\/ld+json\" class=\"yoast-schema-graph\">{\"@context\":\"https:\\\/\\\/schema.org\",\"@graph\":[{\"@type\":\"WebPage\",\"@id\":\"https:\\\/\\\/keg-management.com\\\/fr\\\/location\\\/\",\"url\":\"https:\\\/\\\/keg-management.com\\\/fr\\\/location\\\/\",\"name\":\"Location | Keg Management\",\"isPartOf\":{\"@id\":\"https:\\\/\\\/keg-management.com\\\/#website\"},\"datePublished\":\"2021-02-23T19:16:47+00:00\",\"dateModified\":\"2021-02-25T16:44:14+00:00\",\"breadcrumb\":{\"@id\":\"https:\\\/\\\/keg-management.com\\\/fr\\\/location\\\/#breadcrumb\"},\"inLanguage\":\"fr-FR\",\"potentialAction\":[{\"@type\":\"ReadAction\",\"target\":[\"https:\\\/\\\/keg-management.com\\\/fr\\\/location\\\/\"]}]},{\"@type\":\"BreadcrumbList\",\"@id\":\"https:\\\/\\\/keg-management.com\\\/fr\\\/location\\\/#breadcrumb\",\"itemListElement\":[{\"@type\":\"ListItem\",\"position\":1,\"name\":\"Home\",\"item\":\"https:\\\/\\\/keg-management.com\\\/fr\\\/\"},{\"@type\":\"ListItem\",\"position\":2,\"name\":\"Location\"}]},{\"@type\":\"WebSite\",\"@id\":\"https:\\\/\\\/keg-management.com\\\/#website\",\"url\":\"https:\\\/\\\/keg-management.com\\\/\",\"name\":\"Keg Management\",\"description\":\"Canada&#039;s Original Keg Company\",\"publisher\":{\"@id\":\"https:\\\/\\\/keg-management.com\\\/#organization\"},\"potentialAction\":[{\"@type\":\"SearchAction\",\"target\":{\"@type\":\"EntryPoint\",\"urlTemplate\":\"https:\\\/\\\/keg-management.com\\\/?s={search_term_string}\"},\"query-input\":{\"@type\":\"PropertyValueSpecification\",\"valueRequired\":true,\"valueName\":\"search_term_string\"}}],\"inLanguage\":\"fr-FR\"},{\"@type\":\"Organization\",\"@id\":\"https:\\\/\\\/keg-management.com\\\/#organization\",\"name\":\"Keg Management\",\"url\":\"https:\\\/\\\/keg-management.com\\\/\",\"logo\":{\"@type\":\"ImageObject\",\"inLanguage\":\"fr-FR\",\"@id\":\"https:\\\/\\\/keg-management.com\\\/#\\\/schema\\\/logo\\\/image\\\/\",\"url\":\"https:\\\/\\\/keg-management.com\\\/wp-content\\\/uploads\\\/logo_keg_blanc.svg\",\"contentUrl\":\"https:\\\/\\\/keg-management.com\\\/wp-content\\\/uploads\\\/logo_keg_blanc.svg\",\"caption\":\"Keg Management\"},\"image\":{\"@id\":\"https:\\\/\\\/keg-management.com\\\/#\\\/schema\\\/logo\\\/image\\\/\"}}]}<\/script>\n<!-- \/ Yoast SEO plugin. -->","yoast_head_json":{"title":"Location | Keg Management","robots":{"index":"index","follow":"follow","max-snippet":"max-snippet:-1","max-image-preview":"max-image-preview:large","max-video-preview":"max-video-preview:-1"},"canonical":"https:\/\/keg-management.com\/fr\/location\/","og_locale":"fr_FR","og_type":"article","og_title":"Location | Keg Management","og_description":"[vc_row css_animation=\u00a0\u00bbbottom-to-top\u00a0\u00bb el_class=\u00a0\u00bbmain-row custom-width single\u00a0\u00bb el_id=\u00a0\u00bbsingle\u00a0\u00bb][vc_column][vc_single_image image=\u00a0\u00bb24&Prime; img_size=\u00a0\u00bbfull\u00a0\u00bb alignment=\u00a0\u00bbcenter\u00a0\u00bb css_animation=\u00a0\u00bbnone\u00a0\u00bb][vc_column_text el_class=\u00a0\u00bbdefinition\u00a0\u00bb]Programme qui minimise les co\u00fbts entourant les barils au minimum, un prix \u00e0 partir de 0,05$ par jour. Permet de garder leur capacit\u00e9 \u00e0 investir l\u00e0 ou sa compte vraiment : dans la bi\u00e8re![\/vc_column_text][vc_btn title=\u00a0\u00bbContactez-nous\u00a0\u00bb link=\u00a0\u00bburl:http%3A%2F%2Fkeg-management.com%2Ffr%2Fcontact%2F\u00a0\u00bb][vc_row_inner el_class=\u00a0\u00bbadvantages\u00a0\u00bb][vc_column_inner][vc_column_text el_class=\u00a0\u00bbtitle\u00a0\u00bb]Avantages[\/vc_column_text][vc_column_text]Si\u00e8ge social au Qu\u00e9bec 0$ de d\u00e9p\u00f4t Livraison ... Lire la suite","og_url":"https:\/\/keg-management.com\/fr\/location\/","og_site_name":"Keg Management","article_modified_time":"2021-02-25T16:44:14+00:00","og_image":[{"width":1920,"height":1080,"url":"https:\/\/keg-management.com\/wp-content\/uploads\/google-img1.png","type":"image\/png"}],"twitter_card":"summary_large_image","twitter_misc":{"Dur\u00e9e de lecture estim\u00e9e":"1 minute"},"schema":{"@context":"https:\/\/schema.org","@graph":[{"@type":"WebPage","@id":"https:\/\/keg-management.com\/fr\/location\/","url":"https:\/\/keg-management.com\/fr\/location\/","name":"Location | Keg Management","isPartOf":{"@id":"https:\/\/keg-management.com\/#website"},"datePublished":"2021-02-23T19:16:47+00:00","dateModified":"2021-02-25T16:44:14+00:00","breadcrumb":{"@id":"https:\/\/keg-management.com\/fr\/location\/#breadcrumb"},"inLanguage":"fr-FR","potentialAction":[{"@type":"ReadAction","target":["https:\/\/keg-management.com\/fr\/location\/"]}]},{"@type":"BreadcrumbList","@id":"https:\/\/keg-management.com\/fr\/location\/#breadcrumb","itemListElement":[{"@type":"ListItem","position":1,"name":"Home","item":"https:\/\/keg-management.com\/fr\/"},{"@type":"ListItem","position":2,"name":"Location"}]},{"@type":"WebSite","@id":"https:\/\/keg-management.com\/#website","url":"https:\/\/keg-management.com\/","name":"Keg Management","description":"Canada&#039;s Original Keg Company","publisher":{"@id":"https:\/\/keg-management.com\/#organization"},"potentialAction":[{"@type":"SearchAction","target":{"@type":"EntryPoint","urlTemplate":"https:\/\/keg-management.com\/?s={search_term_string}"},"query-input":{"@type":"PropertyValueSpecification","valueRequired":true,"valueName":"search_term_string"}}],"inLanguage":"fr-FR"},{"@type":"Organization","@id":"https:\/\/keg-management.com\/#organization","name":"Keg Management","url":"https:\/\/keg-management.com\/","logo":{"@type":"ImageObject","inLanguage":"fr-FR","@id":"https:\/\/keg-management.com\/#\/schema\/logo\/image\/","url":"https:\/\/keg-management.com\/wp-content\/uploads\/logo_keg_blanc.svg","contentUrl":"https:\/\/keg-management.com\/wp-content\/uploads\/logo_keg_blanc.svg","caption":"Keg Management"},"image":{"@id":"https:\/\/keg-management.com\/#\/schema\/logo\/image\/"}}]}},"_links":{"self":[{"href":"https:\/\/keg-management.com\/fr\/wp-json\/wp\/v2\/pages\/185","targetHints":{"allow":["GET"]}}],"collection":[{"href":"https:\/\/keg-management.com\/fr\/wp-json\/wp\/v2\/pages"}],"about":[{"href":"https:\/\/keg-management.com\/fr\/wp-json\/wp\/v2\/types\/page"}],"author":[{"embeddable":true,"href":"https:\/\/keg-management.com\/fr\/wp-json\/wp\/v2\/users\/1"}],"replies":[{"embeddable":true,"href":"https:\/\/keg-management.com\/fr\/wp-json\/wp\/v2\/comments?post=185"}],"version-history":[{"count":4,"href":"https:\/\/keg-management.com\/fr\/wp-json\/wp\/v2\/pages\/185\/revisions"}],"predecessor-version":[{"id":214,"href":"https:\/\/keg-management.com\/fr\/wp-json\/wp\/v2\/pages\/185\/revisions\/214"}],"wp:attachment":[{"href":"https:\/\/keg-management.com\/fr\/wp-json\/wp\/v2\/media?parent=185"}],"curies":[{"name":"wp","href":"https:\/\/api.w.org\/{rel}","templated":true}]}}