{"id":243,"date":"2021-04-30T13:29:09","date_gmt":"2021-04-30T17:29:09","guid":{"rendered":"https:\/\/keg-management.com\/keg-flex\/"},"modified":"2021-04-30T13:35:22","modified_gmt":"2021-04-30T17:35:22","slug":"keg-flex","status":"publish","type":"page","link":"https:\/\/keg-management.com\/fr\/keg-flex\/","title":{"rendered":"Keg Flex"},"content":{"rendered":"<div class=\"wpb-content-wrapper\"><p>[vc_row css_animation=\u00a0\u00bbbottom-to-top\u00a0\u00bb el_class=\u00a0\u00bbmain-row custom-width single\u00a0\u00bb el_id=\u00a0\u00bbsingle\u00a0\u00bb][vc_column][vc_single_image image=\u00a0\u00bb238&Prime; img_size=\u00a0\u00bbfull\u00a0\u00bb alignment=\u00a0\u00bbcenter\u00a0\u00bb css_animation=\u00a0\u00bbnone\u00a0\u00bb][vc_column_text el_class=\u00a0\u00bbdefinition\u00a0\u00bb]Ayez acc\u00e8s \u00e0 des barils sans engagement \u00e0 long terme. De plus, vous pourrez suivre vos barils avec notre application sans vous soucier des pertes des barils. Et surtout ayez vos barils rapidement, pr\u00eat \u00e0 \u00eatre sur les lignes de f\u00fbt.[\/vc_column_text][vc_btn title=\u00a0\u00bbContactez-nous\u00a0\u00bb link=\u00a0\u00bburl:https%3A%2F%2Fkeg-management.com%2Ffr%2Fcontact%2F\u00a0\u00bb][vc_row_inner el_class=\u00a0\u00bbadvantages\u00a0\u00bb][vc_column_inner][vc_column_text el_class=\u00a0\u00bbtitle\u00a0\u00bb]<strong>Avantages<\/strong>[\/vc_column_text][vc_column_text]Suivi des barils en temps r\u00e9el<br \/>\nLivraison rapide avec 1 de nos distributeurs<br \/>\nPaie pour ce que vous avez besoin, fini de payer un baril qui dort dans l\u2019entrep\u00f4t<br \/>\nLivraison partout au Qu\u00e9bec sans souci<br \/>\nSans contrat[\/vc_column_text][\/vc_column_inner][\/vc_row_inner][\/vc_column][\/vc_row]<\/p>\n<\/div>","protected":false},"excerpt":{"rendered":"<p>[vc_row css_animation=\u00a0\u00bbbottom-to-top\u00a0\u00bb el_class=\u00a0\u00bbmain-row custom-width single\u00a0\u00bb el_id=\u00a0\u00bbsingle\u00a0\u00bb][vc_column][vc_single_image image=\u00a0\u00bb238&Prime; img_size=\u00a0\u00bbfull\u00a0\u00bb alignment=\u00a0\u00bbcenter\u00a0\u00bb css_animation=\u00a0\u00bbnone\u00a0\u00bb][vc_column_text el_class=\u00a0\u00bbdefinition\u00a0\u00bb]Ayez acc\u00e8s \u00e0 des barils sans engagement \u00e0 long terme. De plus, vous pourrez suivre vos barils avec notre application sans vous soucier des pertes des barils. Et surtout ayez vos barils rapidement, pr\u00eat \u00e0 \u00eatre sur les lignes de f\u00fbt.[\/vc_column_text][vc_btn title=\u00a0\u00bbContactez-nous\u00a0\u00bb link=\u00a0\u00bburl:https%3A%2F%2Fkeg-management.com%2Ffr%2Fcontact%2F\u00a0\u00bb][vc_row_inner el_class=\u00a0\u00bbadvantages\u00a0\u00bb][vc_column_inner][vc_column_text el_class=\u00a0\u00bbtitle\u00a0\u00bb]Avantages[\/vc_column_text][vc_column_text]Suivi &#8230; <a title=\"Keg Flex\" class=\"read-more\" href=\"https:\/\/keg-management.com\/fr\/keg-flex\/\" aria-label=\"En savoir plus sur Keg Flex\">Lire la suite<\/a><\/p>\n","protected":false},"author":1,"featured_media":0,"parent":0,"menu_order":0,"comment_status":"closed","ping_status":"closed","template":"","meta":{"inline_featured_image":false,"footnotes":""},"class_list":["post-243","page","type-page","status-publish"],"yoast_head":"<!-- This site is optimized with the Yoast SEO plugin v27.4 - https:\/\/yoast.com\/product\/yoast-seo-wordpress\/ -->\n<title>Keg Flex | Keg Management<\/title>\n<meta name=\"robots\" content=\"index, follow, max-snippet:-1, max-image-preview:large, max-video-preview:-1\" \/>\n<link rel=\"canonical\" href=\"https:\/\/keg-management.com\/fr\/keg-flex\/\" \/>\n<meta property=\"og:locale\" content=\"fr_FR\" \/>\n<meta property=\"og:type\" content=\"article\" \/>\n<meta property=\"og:title\" content=\"Keg Flex | Keg Management\" \/>\n<meta property=\"og:description\" content=\"[vc_row css_animation=\u00a0\u00bbbottom-to-top\u00a0\u00bb el_class=\u00a0\u00bbmain-row custom-width single\u00a0\u00bb el_id=\u00a0\u00bbsingle\u00a0\u00bb][vc_column][vc_single_image image=\u00a0\u00bb238&Prime; img_size=\u00a0\u00bbfull\u00a0\u00bb alignment=\u00a0\u00bbcenter\u00a0\u00bb css_animation=\u00a0\u00bbnone\u00a0\u00bb][vc_column_text el_class=\u00a0\u00bbdefinition\u00a0\u00bb]Ayez acc\u00e8s \u00e0 des barils sans engagement \u00e0 long terme. De plus, vous pourrez suivre vos barils avec notre application sans vous soucier des pertes des barils. Et surtout ayez vos barils rapidement, pr\u00eat \u00e0 \u00eatre sur les lignes de f\u00fbt.[\/vc_column_text][vc_btn title=\u00a0\u00bbContactez-nous\u00a0\u00bb link=\u00a0\u00bburl:https%3A%2F%2Fkeg-management.com%2Ffr%2Fcontact%2F\u00a0\u00bb][vc_row_inner el_class=\u00a0\u00bbadvantages\u00a0\u00bb][vc_column_inner][vc_column_text el_class=\u00a0\u00bbtitle\u00a0\u00bb]Avantages[\/vc_column_text][vc_column_text]Suivi ... Lire la suite\" \/>\n<meta property=\"og:url\" content=\"https:\/\/keg-management.com\/fr\/keg-flex\/\" \/>\n<meta property=\"og:site_name\" content=\"Keg Management\" \/>\n<meta property=\"article:modified_time\" content=\"2021-04-30T17:35:22+00:00\" \/>\n<meta property=\"og:image\" content=\"https:\/\/keg-management.com\/wp-content\/uploads\/google-img1.png\" \/>\n\t<meta property=\"og:image:width\" content=\"1920\" \/>\n\t<meta property=\"og:image:height\" content=\"1080\" \/>\n\t<meta property=\"og:image:type\" content=\"image\/png\" \/>\n<meta name=\"twitter:card\" content=\"summary_large_image\" \/>\n<meta name=\"twitter:label1\" content=\"Dur\u00e9e de lecture estim\u00e9e\" \/>\n\t<meta name=\"twitter:data1\" content=\"1 minute\" \/>\n<script type=\"application\/ld+json\" class=\"yoast-schema-graph\">{\"@context\":\"https:\\\/\\\/schema.org\",\"@graph\":[{\"@type\":\"WebPage\",\"@id\":\"https:\\\/\\\/keg-management.com\\\/fr\\\/keg-flex\\\/\",\"url\":\"https:\\\/\\\/keg-management.com\\\/fr\\\/keg-flex\\\/\",\"name\":\"Keg Flex | Keg Management\",\"isPartOf\":{\"@id\":\"https:\\\/\\\/keg-management.com\\\/#website\"},\"datePublished\":\"2021-04-30T17:29:09+00:00\",\"dateModified\":\"2021-04-30T17:35:22+00:00\",\"breadcrumb\":{\"@id\":\"https:\\\/\\\/keg-management.com\\\/fr\\\/keg-flex\\\/#breadcrumb\"},\"inLanguage\":\"fr-FR\",\"potentialAction\":[{\"@type\":\"ReadAction\",\"target\":[\"https:\\\/\\\/keg-management.com\\\/fr\\\/keg-flex\\\/\"]}]},{\"@type\":\"BreadcrumbList\",\"@id\":\"https:\\\/\\\/keg-management.com\\\/fr\\\/keg-flex\\\/#breadcrumb\",\"itemListElement\":[{\"@type\":\"ListItem\",\"position\":1,\"name\":\"Home\",\"item\":\"https:\\\/\\\/keg-management.com\\\/fr\\\/\"},{\"@type\":\"ListItem\",\"position\":2,\"name\":\"Keg Flex\"}]},{\"@type\":\"WebSite\",\"@id\":\"https:\\\/\\\/keg-management.com\\\/#website\",\"url\":\"https:\\\/\\\/keg-management.com\\\/\",\"name\":\"Keg Management\",\"description\":\"Canada&#039;s Original Keg Company\",\"publisher\":{\"@id\":\"https:\\\/\\\/keg-management.com\\\/#organization\"},\"potentialAction\":[{\"@type\":\"SearchAction\",\"target\":{\"@type\":\"EntryPoint\",\"urlTemplate\":\"https:\\\/\\\/keg-management.com\\\/?s={search_term_string}\"},\"query-input\":{\"@type\":\"PropertyValueSpecification\",\"valueRequired\":true,\"valueName\":\"search_term_string\"}}],\"inLanguage\":\"fr-FR\"},{\"@type\":\"Organization\",\"@id\":\"https:\\\/\\\/keg-management.com\\\/#organization\",\"name\":\"Keg Management\",\"url\":\"https:\\\/\\\/keg-management.com\\\/\",\"logo\":{\"@type\":\"ImageObject\",\"inLanguage\":\"fr-FR\",\"@id\":\"https:\\\/\\\/keg-management.com\\\/#\\\/schema\\\/logo\\\/image\\\/\",\"url\":\"https:\\\/\\\/keg-management.com\\\/wp-content\\\/uploads\\\/logo_keg_blanc.svg\",\"contentUrl\":\"https:\\\/\\\/keg-management.com\\\/wp-content\\\/uploads\\\/logo_keg_blanc.svg\",\"caption\":\"Keg Management\"},\"image\":{\"@id\":\"https:\\\/\\\/keg-management.com\\\/#\\\/schema\\\/logo\\\/image\\\/\"}}]}<\/script>\n<!-- \/ Yoast SEO plugin. -->","yoast_head_json":{"title":"Keg Flex | Keg Management","robots":{"index":"index","follow":"follow","max-snippet":"max-snippet:-1","max-image-preview":"max-image-preview:large","max-video-preview":"max-video-preview:-1"},"canonical":"https:\/\/keg-management.com\/fr\/keg-flex\/","og_locale":"fr_FR","og_type":"article","og_title":"Keg Flex | Keg Management","og_description":"[vc_row css_animation=\u00a0\u00bbbottom-to-top\u00a0\u00bb el_class=\u00a0\u00bbmain-row custom-width single\u00a0\u00bb el_id=\u00a0\u00bbsingle\u00a0\u00bb][vc_column][vc_single_image image=\u00a0\u00bb238&Prime; img_size=\u00a0\u00bbfull\u00a0\u00bb alignment=\u00a0\u00bbcenter\u00a0\u00bb css_animation=\u00a0\u00bbnone\u00a0\u00bb][vc_column_text el_class=\u00a0\u00bbdefinition\u00a0\u00bb]Ayez acc\u00e8s \u00e0 des barils sans engagement \u00e0 long terme. De plus, vous pourrez suivre vos barils avec notre application sans vous soucier des pertes des barils. Et surtout ayez vos barils rapidement, pr\u00eat \u00e0 \u00eatre sur les lignes de f\u00fbt.[\/vc_column_text][vc_btn title=\u00a0\u00bbContactez-nous\u00a0\u00bb link=\u00a0\u00bburl:https%3A%2F%2Fkeg-management.com%2Ffr%2Fcontact%2F\u00a0\u00bb][vc_row_inner el_class=\u00a0\u00bbadvantages\u00a0\u00bb][vc_column_inner][vc_column_text el_class=\u00a0\u00bbtitle\u00a0\u00bb]Avantages[\/vc_column_text][vc_column_text]Suivi ... Lire la suite","og_url":"https:\/\/keg-management.com\/fr\/keg-flex\/","og_site_name":"Keg Management","article_modified_time":"2021-04-30T17:35:22+00:00","og_image":[{"width":1920,"height":1080,"url":"https:\/\/keg-management.com\/wp-content\/uploads\/google-img1.png","type":"image\/png"}],"twitter_card":"summary_large_image","twitter_misc":{"Dur\u00e9e de lecture estim\u00e9e":"1 minute"},"schema":{"@context":"https:\/\/schema.org","@graph":[{"@type":"WebPage","@id":"https:\/\/keg-management.com\/fr\/keg-flex\/","url":"https:\/\/keg-management.com\/fr\/keg-flex\/","name":"Keg Flex | Keg Management","isPartOf":{"@id":"https:\/\/keg-management.com\/#website"},"datePublished":"2021-04-30T17:29:09+00:00","dateModified":"2021-04-30T17:35:22+00:00","breadcrumb":{"@id":"https:\/\/keg-management.com\/fr\/keg-flex\/#breadcrumb"},"inLanguage":"fr-FR","potentialAction":[{"@type":"ReadAction","target":["https:\/\/keg-management.com\/fr\/keg-flex\/"]}]},{"@type":"BreadcrumbList","@id":"https:\/\/keg-management.com\/fr\/keg-flex\/#breadcrumb","itemListElement":[{"@type":"ListItem","position":1,"name":"Home","item":"https:\/\/keg-management.com\/fr\/"},{"@type":"ListItem","position":2,"name":"Keg Flex"}]},{"@type":"WebSite","@id":"https:\/\/keg-management.com\/#website","url":"https:\/\/keg-management.com\/","name":"Keg Management","description":"Canada&#039;s Original Keg Company","publisher":{"@id":"https:\/\/keg-management.com\/#organization"},"potentialAction":[{"@type":"SearchAction","target":{"@type":"EntryPoint","urlTemplate":"https:\/\/keg-management.com\/?s={search_term_string}"},"query-input":{"@type":"PropertyValueSpecification","valueRequired":true,"valueName":"search_term_string"}}],"inLanguage":"fr-FR"},{"@type":"Organization","@id":"https:\/\/keg-management.com\/#organization","name":"Keg Management","url":"https:\/\/keg-management.com\/","logo":{"@type":"ImageObject","inLanguage":"fr-FR","@id":"https:\/\/keg-management.com\/#\/schema\/logo\/image\/","url":"https:\/\/keg-management.com\/wp-content\/uploads\/logo_keg_blanc.svg","contentUrl":"https:\/\/keg-management.com\/wp-content\/uploads\/logo_keg_blanc.svg","caption":"Keg Management"},"image":{"@id":"https:\/\/keg-management.com\/#\/schema\/logo\/image\/"}}]}},"_links":{"self":[{"href":"https:\/\/keg-management.com\/fr\/wp-json\/wp\/v2\/pages\/243","targetHints":{"allow":["GET"]}}],"collection":[{"href":"https:\/\/keg-management.com\/fr\/wp-json\/wp\/v2\/pages"}],"about":[{"href":"https:\/\/keg-management.com\/fr\/wp-json\/wp\/v2\/types\/page"}],"author":[{"embeddable":true,"href":"https:\/\/keg-management.com\/fr\/wp-json\/wp\/v2\/users\/1"}],"replies":[{"embeddable":true,"href":"https:\/\/keg-management.com\/fr\/wp-json\/wp\/v2\/comments?post=243"}],"version-history":[{"count":2,"href":"https:\/\/keg-management.com\/fr\/wp-json\/wp\/v2\/pages\/243\/revisions"}],"predecessor-version":[{"id":245,"href":"https:\/\/keg-management.com\/fr\/wp-json\/wp\/v2\/pages\/243\/revisions\/245"}],"wp:attachment":[{"href":"https:\/\/keg-management.com\/fr\/wp-json\/wp\/v2\/media?parent=243"}],"curies":[{"name":"wp","href":"https:\/\/api.w.org\/{rel}","templated":true}]}}