{"id":286,"date":"2024-01-17T01:09:20","date_gmt":"2024-01-17T06:09:20","guid":{"rendered":"https:\/\/keg-management.com\/?page_id=286"},"modified":"2024-01-17T01:19:32","modified_gmt":"2024-01-17T06:19:32","slug":"politique-de-confidentialite","status":"publish","type":"page","link":"https:\/\/keg-management.com\/fr\/politique-de-confidentialite\/","title":{"rendered":"Politique de confidentialit\u00e9"},"content":{"rendered":"<div class=\"wpb-content-wrapper\"><p>[vc_row el_class=\u00a0\u00bbpolitique main-row custom-width\u00a0\u00bb][vc_column][vc_column_text]<strong>Derni\u00e8re mise \u00e0 jour : 15 janvier 2024<\/strong><\/p>\n<p>Keg Management vous invite \u00e0 prendre connaissance de sa politique de confidentialit\u00e9, afin de connaitre la r\u00e9glementation qu\u2019elle applique en termes de protection des renseignements personnels.<\/p>\n<h3>1. Port\u00e9e de la politique<\/h3>\n<p>La pr\u00e9sente politique s\u2019applique \u00e0 tous les renseignements personnels qui vous concernent et que Keg Management recueille. Les renseignements personnels consistent en des renseignements personnels sur une personne identifiable.<\/p>\n<p>Ces renseignements peuvent comprendre, entre autres, votre nom, votre adresse postale, votre num\u00e9ro de t\u00e9l\u00e9phone et votre adresse \u00e9lectronique.<\/p>\n<h3>2. Types de renseignements personnels recueillis<\/h3>\n<p><strong>Keg Management peut recueillir des renseignements vous concernant de diff\u00e9rentes mani\u00e8res :<\/strong><\/p>\n<ul>\n<li>Les renseignements que nous recueillons lorsque vous interagissez avec notre site web, nos m\u00e9dias sociaux ou toute autre plateforme. Cela implique souvent des informations concernant votre appareil \u00e9lectronique telles que les adresses IP et les adresses Mac, ainsi que des informations recueillies par des cookies.<\/li>\n<li>Les informations que nous recueillons \u00e0 votre sujet aupr\u00e8s d\u2019autres sources, telles que des soci\u00e9t\u00e9s d\u2019analyse de donn\u00e9es.<\/li>\n<li>Les renseignements suivants sont notamment recueillis\u00a0:\n<ul>\n<li>Votre adresse IP<\/li>\n<li>Votre emplacement g\u00e9ographique (r\u00e9gion d\u00e9riv\u00e9e de l\u2019adresse IP)<\/li>\n<li>Le jour et l\u2019heure de d\u00e9but et de fin de la visite<\/li>\n<li>Le domaine du site pr\u00e9c\u00e9dent visit<\/li>\n<li>L\u2019adresse URL et les titres des pages visit\u00e9es sur le site de Keg Management<\/li>\n<li>Vos activit\u00e9s (clic, d\u00e9filement de l\u2019\u00e9cran, etc.) sur le site de Keg Management<\/li>\n<li>Le point d\u2019origine de votre visite (banni\u00e8re, courriel, r\u00e9seau social, etc.)<\/li>\n<li>Le type de client\u00e8le auquel vous appartenez (individu, groupe, organisation, etc.)<\/li>\n<\/ul>\n<\/li>\n<\/ul>\n<h3>3. Types de t\u00e9moins<\/h3>\n<p><strong>\u00c0 quoi servent les fichiers t\u00e9moins?\u00a0<\/strong><\/p>\n<ul>\n<li>Les fichiers t\u00e9moins (aussi appel\u00e9s cookies, en anglais) sont de petits fichiers textes enregistr\u00e9s sur votre ordinateur ou votre appareil mobile. Ils contiennent l\u2019information sur le navigateur que vous utilisez et sur les pages que vous avez consult\u00e9es. Vous pouvez en tout temps supprimer ou d\u00e9sactiver les t\u00e9moins depuis votre navigateur.<\/li>\n<\/ul>\n<p><strong>T\u00e9moins strictement fonctionnels<\/strong><\/p>\n<ul>\n<li>Les t\u00e9moins fonctionnels sont essentiels au bon fonctionnement du site web de Keg Management. Il est donc impossible pour vous de les supprimer.<\/li>\n<li>Les t\u00e9moins fonctionnels permettent de\u00a0:\n<ul>\n<li>utiliser les principales fonctionnalit\u00e9s du site web;<\/li>\n<li>mettre en \u0153uvre des mesures de s\u00e9curit\u00e9 (par exemple, en vous demandant de vous connecter \u00e0 nouveau \u00e0 un contenu ou \u00e0 un service apr\u00e8s un certain laps de temps).<\/li>\n<\/ul>\n<\/li>\n<\/ul>\n<p><strong>Les renseignements suivants sont recueillis\u00a0:\u00a0<\/strong><\/p>\n<ul>\n<li>La langue utilis\u00e9e par le navigateur<\/li>\n<li>Le type et la version du navigateur<\/li>\n<li>Le type et la version du syst\u00e8me d\u2019exploitation<\/li>\n<li>Le type et le mod\u00e8le d\u2019appareil (t\u00e9l\u00e9phone, tablette ou ordinateur)<\/li>\n<li>La r\u00e9solution de l\u2019\u00e9cran de l\u2019appareil que vous utilisez<\/li>\n<\/ul>\n<p><strong>T\u00e9moins statistiques<\/strong><\/p>\n<ul>\n<li>Ces t\u00e9moins permettent de connaitre l\u2019utilisation qui est faite sur le site web de Keg Management et les performances de celui-ci, d\u2019en \u00e9tablir les statistiques d\u2019utilisation et de d\u00e9terminer les volumes de fr\u00e9quentation et d\u2019utilisation des divers \u00e9l\u00e9ments composant le site. Ces \u00e9l\u00e9ments nous permettent d\u2019am\u00e9liorer la pertinence et l\u2019ergonomie de nos services dans le but de mieux r\u00e9pondre \u00e0 vos besoins.<\/li>\n<\/ul>\n<p><strong>Les renseignements suivants sont notamment recueillis :\u00a0<\/strong><\/p>\n<ul>\n<li>Votre adresse IP<\/li>\n<li>Votre emplacement g\u00e9ographique (r\u00e9gion d\u00e9riv\u00e9e de l\u2019adresse IP)<\/li>\n<li>Le jour et l\u2019heure de d\u00e9but et de fin de la visite<\/li>\n<li>Le domaine du site pr\u00e9c\u00e9dent visit\u00e9<\/li>\n<li>L\u2019adresse URL et les titres des pages visit\u00e9es sur le site de Keg Management<\/li>\n<li>Vos activit\u00e9s (clic, d\u00e9filement de l\u2019\u00e9cran, etc.) sur le site de Keg Management<\/li>\n<li>Le point d\u2019origine de votre visite (banni\u00e8re, courriel, r\u00e9seau social, etc.)<\/li>\n<li>Le type de client\u00e8le auquel vous appartenez (individu, groupe, organisation, etc.)<\/li>\n<\/ul>\n<h3>4. Utilisation des renseignements personnels par l\u2019entreprise<\/h3>\n<p><strong>Voici de quelles mani\u00e8res pourraient \u00eatre utilis\u00e9s vos renseignements personnels\u00a0:\u00a0<\/strong><\/p>\n<ul>\n<li>Examiner votre exp\u00e9rience sur le site web de Keg Management pour y apporter des am\u00e9liorations et essayer de l\u2019adapter \u00e0 vos besoins.<\/li>\n<li>Analyser les pages que vous avez consult\u00e9es et le temps pass\u00e9 sur le site web.<\/li>\n<li>Calculer le nombre de visites que vous avez effectu\u00e9es sur le site web.<\/li>\n<\/ul>\n<h3>5. Qui aura acc\u00e8s aux renseignements personnels<\/h3>\n<p>Nous avons mis en place des mesures de s\u00e9curit\u00e9 physique et technologique pour prot\u00e9ger vos renseignements personnels \u00e0 l\u2019\u00e9gard de leur perte ou de leur vol, et de l\u2019acc\u00e8s, la divulgation, la copie, l\u2019utilisation ou la modification non autoris\u00e9e. L\u2019acc\u00e8s \u00e0 vos renseignements personnels n\u2019est accord\u00e9 qu\u2019aux employ\u00e9s et fournisseurs qui doivent les connaitre \u00e0 des fins professionnelles.<\/p>\n<h3>6. De quelles fa\u00e7ons sont prot\u00e9g\u00e9s vos renseignements personnels<\/h3>\n<p>Keg Management prend les mesures de s\u00e9curit\u00e9 n\u00e9cessaires pour prot\u00e9ger vos renseignements personnels contre la perte, le vol, l\u2019acc\u00e8s non autoris\u00e9, la communication, la reproduction, l\u2019utilisation, la modification non autoris\u00e9e ainsi que lors du transfert \u00e0 un tiers aux fins de traitement ou autre.<\/p>\n<p>Bien que nous prenions des mesures de s\u00e9curit\u00e9 pour pr\u00e9venir tout acc\u00e8s non autoris\u00e9 \u00e0 vos renseignements personnels, vous devez \u00eatre conscient que, sur internet, il est impossible de garantir une protection et une s\u00e9curit\u00e9 compl\u00e8tes de vos informations.<\/p>\n<p>Ainsi, vous reconnaissez et consentez que nous ne serons pas tenus responsables pour les dommages r\u00e9sultant de la transmission d\u2019informations confidentielles ou de renseignements personnels par l\u2019interm\u00e9diaire d\u2019internet et que de telles communications sont \u00e0 vos propres risques.<\/p>\n<h3>7. Publicit\u00e9s et marketing<\/h3>\n<p>Keg Management utilise les renseignements personnels \u00e0 des fins publicitaires et de marketing. Le consentement \u00e0 l\u2019utilisation des fichiers t\u00e9moins est effectu\u00e9 sur une base volontaire de votre part et peut \u00eatre modifi\u00e9 en tout temps.<\/p>\n<h3>8. Lien vers d\u2019autres sites<\/h3>\n<p>Le site de Keg Management propose des hyperliens vers d\u2019autres sites web. Les renseignements \u00e9chang\u00e9s sur ces sites ne sont pas assujettis \u00e0 la pr\u00e9sente politique de confidentialit\u00e9, mais bien \u00e0 celle du site externe.<\/p>\n<h3>9. Responsable de la protection des renseignements personnels<\/h3>\n<p><strong>N\u2019h\u00e9sitez pas \u00e0 communiquer avec notre responsable de l\u2019acc\u00e8s et de la protection des renseignements personnels dans les cas suivants\u00a0:\u00a0<\/strong><\/p>\n<ul>\n<li>Si vous avez des questions ou des remarques concernant la pr\u00e9sente politique de confidentialit\u00e9;<\/li>\n<li>Si vous souhaitez avoir acc\u00e8s, consulter ou rectifier les renseignements personnels vous concernant que d\u00e9tient Keg Management<\/li>\n<\/ul>\n<p>Pour ce faire, faites parvenir votre demande par \u00e9crit \u00e0 notre responsable de l\u2019acc\u00e8s et de la protection des renseignements personnels :<br \/>\n<strong>Alexandre Jacob, copropri\u00e9taire<\/strong><br \/>\ninfo@keg-management.com<\/p>\n<h3>10. Modification de la politique<\/h3>\n<p>Cette politique de protection des renseignements persentre en vigueur \u00e0 la date indiqu\u00e9e en premi\u00e8re page. Nous pouvons modifier cette politique de protection des renseignements personnels de temps \u00e0 autre pour refl\u00e9ter, par exemple, des changements dans nos pratiques ou pour d\u2019autres raisons op\u00e9rationnelles, l\u00e9gales ou r\u00e9glementaires, et publierons tout changement sur cette page.<\/p>\n<p>Dans toute la mesure permise par les lois applicables, notre utilisation des renseignements personnels est r\u00e9gie par la politique de protection des renseignements personnels en vigueur au moment o\u00f9 nous utilisons les renseignements.<\/p>\n<p>Par votre acc\u00e8s au site web de mani\u00e8re post\u00e9rieure aux modifications apport\u00e9es \u00e0 la pr\u00e9sente politique de protection des renseignements personnels, vous \u00eates r\u00e9put\u00e9 pour avoir accept\u00e9 ces modifications.[\/vc_column_text][\/vc_column][\/vc_row]<\/p>\n<\/div>","protected":false},"excerpt":{"rendered":"<p>[vc_row el_class=\u00a0\u00bbpolitique main-row custom-width\u00a0\u00bb][vc_column][vc_column_text]Derni\u00e8re mise \u00e0 jour : 15 janvier 2024 Keg Management vous invite \u00e0 prendre connaissance de sa politique de confidentialit\u00e9, afin de connaitre la r\u00e9glementation qu\u2019elle applique en termes de protection des renseignements personnels. 1. Port\u00e9e de la politique La pr\u00e9sente politique s\u2019applique \u00e0 tous les renseignements personnels qui vous concernent et &#8230; <a title=\"Politique de confidentialit\u00e9\" class=\"read-more\" href=\"https:\/\/keg-management.com\/fr\/politique-de-confidentialite\/\" aria-label=\"En savoir plus sur Politique de confidentialit\u00e9\">Lire la suite<\/a><\/p>\n","protected":false},"author":1,"featured_media":0,"parent":0,"menu_order":0,"comment_status":"closed","ping_status":"closed","template":"","meta":{"inline_featured_image":false,"footnotes":""},"class_list":["post-286","page","type-page","status-publish"],"yoast_head":"<!-- This site is optimized with the Yoast SEO plugin v27.5 - https:\/\/yoast.com\/product\/yoast-seo-wordpress\/ -->\n<title>Politique de confidentialit\u00e9 | Keg Management<\/title>\n<meta name=\"robots\" content=\"index, follow, max-snippet:-1, max-image-preview:large, max-video-preview:-1\" \/>\n<link rel=\"canonical\" href=\"https:\/\/keg-management.com\/fr\/politique-de-confidentialite\/\" \/>\n<meta property=\"og:locale\" content=\"fr_FR\" \/>\n<meta property=\"og:type\" content=\"article\" \/>\n<meta property=\"og:title\" content=\"Politique de confidentialit\u00e9 | Keg Management\" \/>\n<meta property=\"og:description\" content=\"[vc_row el_class=\u00a0\u00bbpolitique main-row custom-width\u00a0\u00bb][vc_column][vc_column_text]Derni\u00e8re mise \u00e0 jour : 15 janvier 2024 Keg Management vous invite \u00e0 prendre connaissance de sa politique de confidentialit\u00e9, afin de connaitre la r\u00e9glementation qu\u2019elle applique en termes de protection des renseignements personnels. 1. Port\u00e9e de la politique La pr\u00e9sente politique s\u2019applique \u00e0 tous les renseignements personnels qui vous concernent et ... Lire la suite\" \/>\n<meta property=\"og:url\" content=\"https:\/\/keg-management.com\/fr\/politique-de-confidentialite\/\" \/>\n<meta property=\"og:site_name\" content=\"Keg Management\" \/>\n<meta property=\"article:modified_time\" content=\"2024-01-17T06:19:32+00:00\" \/>\n<meta property=\"og:image\" content=\"https:\/\/keg-management.com\/wp-content\/uploads\/google-img1.png\" \/>\n\t<meta property=\"og:image:width\" content=\"1920\" \/>\n\t<meta property=\"og:image:height\" content=\"1080\" \/>\n\t<meta property=\"og:image:type\" content=\"image\/png\" \/>\n<meta name=\"twitter:card\" content=\"summary_large_image\" \/>\n<meta name=\"twitter:label1\" content=\"Dur\u00e9e de lecture estim\u00e9e\" \/>\n\t<meta name=\"twitter:data1\" content=\"5 minutes\" \/>\n<script type=\"application\/ld+json\" class=\"yoast-schema-graph\">{\"@context\":\"https:\\\/\\\/schema.org\",\"@graph\":[{\"@type\":\"WebPage\",\"@id\":\"https:\\\/\\\/keg-management.com\\\/fr\\\/politique-de-confidentialite\\\/\",\"url\":\"https:\\\/\\\/keg-management.com\\\/fr\\\/politique-de-confidentialite\\\/\",\"name\":\"Politique de confidentialit\u00e9 | Keg Management\",\"isPartOf\":{\"@id\":\"https:\\\/\\\/keg-management.com\\\/#website\"},\"datePublished\":\"2024-01-17T06:09:20+00:00\",\"dateModified\":\"2024-01-17T06:19:32+00:00\",\"breadcrumb\":{\"@id\":\"https:\\\/\\\/keg-management.com\\\/fr\\\/politique-de-confidentialite\\\/#breadcrumb\"},\"inLanguage\":\"fr-FR\",\"potentialAction\":[{\"@type\":\"ReadAction\",\"target\":[\"https:\\\/\\\/keg-management.com\\\/fr\\\/politique-de-confidentialite\\\/\"]}]},{\"@type\":\"BreadcrumbList\",\"@id\":\"https:\\\/\\\/keg-management.com\\\/fr\\\/politique-de-confidentialite\\\/#breadcrumb\",\"itemListElement\":[{\"@type\":\"ListItem\",\"position\":1,\"name\":\"Home\",\"item\":\"https:\\\/\\\/keg-management.com\\\/fr\\\/\"},{\"@type\":\"ListItem\",\"position\":2,\"name\":\"Politique de confidentialit\u00e9\"}]},{\"@type\":\"WebSite\",\"@id\":\"https:\\\/\\\/keg-management.com\\\/#website\",\"url\":\"https:\\\/\\\/keg-management.com\\\/\",\"name\":\"Keg Management\",\"description\":\"Canada&#039;s Original Keg Company\",\"publisher\":{\"@id\":\"https:\\\/\\\/keg-management.com\\\/#organization\"},\"potentialAction\":[{\"@type\":\"SearchAction\",\"target\":{\"@type\":\"EntryPoint\",\"urlTemplate\":\"https:\\\/\\\/keg-management.com\\\/?s={search_term_string}\"},\"query-input\":{\"@type\":\"PropertyValueSpecification\",\"valueRequired\":true,\"valueName\":\"search_term_string\"}}],\"inLanguage\":\"fr-FR\"},{\"@type\":\"Organization\",\"@id\":\"https:\\\/\\\/keg-management.com\\\/#organization\",\"name\":\"Keg Management\",\"url\":\"https:\\\/\\\/keg-management.com\\\/\",\"logo\":{\"@type\":\"ImageObject\",\"inLanguage\":\"fr-FR\",\"@id\":\"https:\\\/\\\/keg-management.com\\\/#\\\/schema\\\/logo\\\/image\\\/\",\"url\":\"https:\\\/\\\/keg-management.com\\\/wp-content\\\/uploads\\\/logo_keg_blanc.svg\",\"contentUrl\":\"https:\\\/\\\/keg-management.com\\\/wp-content\\\/uploads\\\/logo_keg_blanc.svg\",\"caption\":\"Keg Management\"},\"image\":{\"@id\":\"https:\\\/\\\/keg-management.com\\\/#\\\/schema\\\/logo\\\/image\\\/\"}}]}<\/script>\n<!-- \/ Yoast SEO plugin. -->","yoast_head_json":{"title":"Politique de confidentialit\u00e9 | Keg Management","robots":{"index":"index","follow":"follow","max-snippet":"max-snippet:-1","max-image-preview":"max-image-preview:large","max-video-preview":"max-video-preview:-1"},"canonical":"https:\/\/keg-management.com\/fr\/politique-de-confidentialite\/","og_locale":"fr_FR","og_type":"article","og_title":"Politique de confidentialit\u00e9 | Keg Management","og_description":"[vc_row el_class=\u00a0\u00bbpolitique main-row custom-width\u00a0\u00bb][vc_column][vc_column_text]Derni\u00e8re mise \u00e0 jour : 15 janvier 2024 Keg Management vous invite \u00e0 prendre connaissance de sa politique de confidentialit\u00e9, afin de connaitre la r\u00e9glementation qu\u2019elle applique en termes de protection des renseignements personnels. 1. Port\u00e9e de la politique La pr\u00e9sente politique s\u2019applique \u00e0 tous les renseignements personnels qui vous concernent et ... Lire la suite","og_url":"https:\/\/keg-management.com\/fr\/politique-de-confidentialite\/","og_site_name":"Keg Management","article_modified_time":"2024-01-17T06:19:32+00:00","og_image":[{"width":1920,"height":1080,"url":"https:\/\/keg-management.com\/wp-content\/uploads\/google-img1.png","type":"image\/png"}],"twitter_card":"summary_large_image","twitter_misc":{"Dur\u00e9e de lecture estim\u00e9e":"5 minutes"},"schema":{"@context":"https:\/\/schema.org","@graph":[{"@type":"WebPage","@id":"https:\/\/keg-management.com\/fr\/politique-de-confidentialite\/","url":"https:\/\/keg-management.com\/fr\/politique-de-confidentialite\/","name":"Politique de confidentialit\u00e9 | Keg Management","isPartOf":{"@id":"https:\/\/keg-management.com\/#website"},"datePublished":"2024-01-17T06:09:20+00:00","dateModified":"2024-01-17T06:19:32+00:00","breadcrumb":{"@id":"https:\/\/keg-management.com\/fr\/politique-de-confidentialite\/#breadcrumb"},"inLanguage":"fr-FR","potentialAction":[{"@type":"ReadAction","target":["https:\/\/keg-management.com\/fr\/politique-de-confidentialite\/"]}]},{"@type":"BreadcrumbList","@id":"https:\/\/keg-management.com\/fr\/politique-de-confidentialite\/#breadcrumb","itemListElement":[{"@type":"ListItem","position":1,"name":"Home","item":"https:\/\/keg-management.com\/fr\/"},{"@type":"ListItem","position":2,"name":"Politique de confidentialit\u00e9"}]},{"@type":"WebSite","@id":"https:\/\/keg-management.com\/#website","url":"https:\/\/keg-management.com\/","name":"Keg Management","description":"Canada&#039;s Original Keg Company","publisher":{"@id":"https:\/\/keg-management.com\/#organization"},"potentialAction":[{"@type":"SearchAction","target":{"@type":"EntryPoint","urlTemplate":"https:\/\/keg-management.com\/?s={search_term_string}"},"query-input":{"@type":"PropertyValueSpecification","valueRequired":true,"valueName":"search_term_string"}}],"inLanguage":"fr-FR"},{"@type":"Organization","@id":"https:\/\/keg-management.com\/#organization","name":"Keg Management","url":"https:\/\/keg-management.com\/","logo":{"@type":"ImageObject","inLanguage":"fr-FR","@id":"https:\/\/keg-management.com\/#\/schema\/logo\/image\/","url":"https:\/\/keg-management.com\/wp-content\/uploads\/logo_keg_blanc.svg","contentUrl":"https:\/\/keg-management.com\/wp-content\/uploads\/logo_keg_blanc.svg","caption":"Keg Management"},"image":{"@id":"https:\/\/keg-management.com\/#\/schema\/logo\/image\/"}}]}},"_links":{"self":[{"href":"https:\/\/keg-management.com\/fr\/wp-json\/wp\/v2\/pages\/286","targetHints":{"allow":["GET"]}}],"collection":[{"href":"https:\/\/keg-management.com\/fr\/wp-json\/wp\/v2\/pages"}],"about":[{"href":"https:\/\/keg-management.com\/fr\/wp-json\/wp\/v2\/types\/page"}],"author":[{"embeddable":true,"href":"https:\/\/keg-management.com\/fr\/wp-json\/wp\/v2\/users\/1"}],"replies":[{"embeddable":true,"href":"https:\/\/keg-management.com\/fr\/wp-json\/wp\/v2\/comments?post=286"}],"version-history":[{"count":4,"href":"https:\/\/keg-management.com\/fr\/wp-json\/wp\/v2\/pages\/286\/revisions"}],"predecessor-version":[{"id":295,"href":"https:\/\/keg-management.com\/fr\/wp-json\/wp\/v2\/pages\/286\/revisions\/295"}],"wp:attachment":[{"href":"https:\/\/keg-management.com\/fr\/wp-json\/wp\/v2\/media?parent=286"}],"curies":[{"name":"wp","href":"https:\/\/api.w.org\/{rel}","templated":true}]}}